{"id":59,"date":"2025-02-20T09:07:24","date_gmt":"2025-02-20T09:07:24","guid":{"rendered":"https:\/\/konferencja.pwplock.edu.pl\/?page_id=59"},"modified":"2025-04-17T20:46:56","modified_gmt":"2025-04-17T20:46:56","slug":"poprzednie-edycje","status":"publish","type":"page","link":"https:\/\/konferencja.pwplock.edu.pl\/?page_id=59","title":{"rendered":"Poprzednie edycje"},"content":{"rendered":"<p>Mi\u0119dzynarodowe Konferencje Naukowe \u201e<strong>Wsp\u00f3\u0142czesne problemy rozwoju gospodarczego<\/strong>\u201d to wydarzenie organizowane corocznie. Pozwala to na regularne monitorowanie i analizowanie wsp\u00f3\u0142czesnych trend\u00f3w w gospodarce. Dzi\u0119ki takiej formule uczestnicy maj\u0105 mo\u017cliwo\u015b\u0107 \u015bledzenia dynamicznych zmian w otoczeniu biznesowym, wymiany do\u015bwiadcze\u0144 oraz podejmowania dyskusji na temat najnowszych wyzwa\u0144 i szans w globalnej oraz lokalnej ekonomii. Ka\u017cda edycja skupia si\u0119 na kluczowych zagadnieniach, kt\u00f3re odzwierciedlaj\u0105 aktualne potrzeby rynkowe i kierunki rozwoju, co czyni j\u0105 nie tylko platform\u0105 edukacyjn\u0105, ale tak\u017ce miejscem budowania partnerstw i inspirowania innowacji. Zapraszamy do zapoznania si\u0119 z zagadnieniami, kt\u00f3rym by\u0142y po\u015bwi\u0119cone poprzednie edycje: <a href=\"https:\/\/www.pw.plock.pl\/Kolegium-NEiS\/Publikacje-w-KNEiS\"><strong>link<\/strong><\/a>.<\/p>\n","protected":false},"excerpt":{"rendered":"<p>Mi\u0119dzynarodowe Konferencje Naukowe \u201eWsp\u00f3\u0142czesne problemy rozwoju gospodarczego\u201d to wydarzenie organizowane corocznie. Pozwala to na regularne monitorowanie i analizowanie wsp\u00f3\u0142czesnych trend\u00f3w w gospodarce. Dzi\u0119ki takiej formule uczestnicy maj\u0105 mo\u017cliwo\u015b\u0107 \u015bledzenia dynamicznych zmian w otoczeniu biznesowym, wymiany do\u015bwiadcze\u0144 oraz podejmowania dyskusji na temat najnowszych wyzwa\u0144 i szans w globalnej oraz lokalnej ekonomii. Ka\u017cda edycja skupia si\u0119 na&hellip;<\/p>\n","protected":false},"author":1,"featured_media":0,"parent":0,"menu_order":0,"comment_status":"closed","ping_status":"closed","template":"elementor_header_footer","meta":{"footnotes":""},"class_list":["post-59","page","type-page","status-publish","hentry"],"yoast_head":"<!-- This site is optimized with the Yoast SEO plugin v25.0 - https:\/\/yoast.com\/wordpress\/plugins\/seo\/ -->\n<title>Poprzednie edycje - MI\u0118DZYNARODOWA KONFERENCJA NAUKOWA<\/title>\n<meta name=\"robots\" content=\"index, follow, max-snippet:-1, max-image-preview:large, max-video-preview:-1\" \/>\n<link rel=\"canonical\" href=\"https:\/\/konferencja.pwplock.edu.pl\/?page_id=59\" \/>\n<meta property=\"og:locale\" content=\"pl_PL\" \/>\n<meta property=\"og:type\" content=\"article\" \/>\n<meta property=\"og:title\" content=\"Poprzednie edycje - MI\u0118DZYNARODOWA KONFERENCJA NAUKOWA\" \/>\n<meta property=\"og:description\" content=\"Mi\u0119dzynarodowe Konferencje Naukowe \u201eWsp\u00f3\u0142czesne problemy rozwoju gospodarczego\u201d to wydarzenie organizowane corocznie. Pozwala to na regularne monitorowanie i analizowanie wsp\u00f3\u0142czesnych trend\u00f3w w gospodarce. Dzi\u0119ki takiej formule uczestnicy maj\u0105 mo\u017cliwo\u015b\u0107 \u015bledzenia dynamicznych zmian w otoczeniu biznesowym, wymiany do\u015bwiadcze\u0144 oraz podejmowania dyskusji na temat najnowszych wyzwa\u0144 i szans w globalnej oraz lokalnej ekonomii. Ka\u017cda edycja skupia si\u0119 na&hellip;\" \/>\n<meta property=\"og:url\" content=\"https:\/\/konferencja.pwplock.edu.pl\/?page_id=59\" \/>\n<meta property=\"og:site_name\" content=\"MI\u0118DZYNARODOWA KONFERENCJA NAUKOWA\" \/>\n<meta property=\"article:publisher\" content=\"https:\/\/www.facebook.com\/politechnika.plock\/?locale=pl_PL\" \/>\n<meta property=\"article:modified_time\" content=\"2025-04-17T20:46:56+00:00\" \/>\n<meta name=\"twitter:card\" content=\"summary_large_image\" \/>\n<meta name=\"twitter:site\" content=\"@pw_plock\" \/>\n<meta name=\"twitter:label1\" content=\"Szacowany czas czytania\" \/>\n\t<meta name=\"twitter:data1\" content=\"1 minuta\" \/>\n<script type=\"application\/ld+json\" class=\"yoast-schema-graph\">{\"@context\":\"https:\/\/schema.org\",\"@graph\":[{\"@type\":\"WebPage\",\"@id\":\"https:\/\/konferencja.pwplock.edu.pl\/?page_id=59\",\"url\":\"https:\/\/konferencja.pwplock.edu.pl\/?page_id=59\",\"name\":\"Poprzednie edycje - MI\u0118DZYNARODOWA KONFERENCJA NAUKOWA\",\"isPartOf\":{\"@id\":\"https:\/\/konferencja.pwplock.edu.pl\/#website\"},\"datePublished\":\"2025-02-20T09:07:24+00:00\",\"dateModified\":\"2025-04-17T20:46:56+00:00\",\"breadcrumb\":{\"@id\":\"https:\/\/konferencja.pwplock.edu.pl\/?page_id=59#breadcrumb\"},\"inLanguage\":\"pl-PL\",\"potentialAction\":[{\"@type\":\"ReadAction\",\"target\":[\"https:\/\/konferencja.pwplock.edu.pl\/?page_id=59\"]}]},{\"@type\":\"BreadcrumbList\",\"@id\":\"https:\/\/konferencja.pwplock.edu.pl\/?page_id=59#breadcrumb\",\"itemListElement\":[{\"@type\":\"ListItem\",\"position\":1,\"name\":\"Strona g\u0142\u00f3wna\",\"item\":\"https:\/\/konferencja.pwplock.edu.pl\/\"},{\"@type\":\"ListItem\",\"position\":2,\"name\":\"Poprzednie edycje\"}]},{\"@type\":\"WebSite\",\"@id\":\"https:\/\/konferencja.pwplock.edu.pl\/#website\",\"url\":\"https:\/\/konferencja.pwplock.edu.pl\/\",\"name\":\"MI\u0118DZYNARODOWA KONFERENCJA NAUKOWA\",\"description\":\"KNEiS - Politechnika Warszawska Filia w P\u0142ocku\",\"publisher\":{\"@id\":\"https:\/\/konferencja.pwplock.edu.pl\/#organization\"},\"alternateName\":\"KNEiS - Politechnika Warszawska Filia w P\u0142ocku\",\"potentialAction\":[{\"@type\":\"SearchAction\",\"target\":{\"@type\":\"EntryPoint\",\"urlTemplate\":\"https:\/\/konferencja.pwplock.edu.pl\/?s={search_term_string}\"},\"query-input\":{\"@type\":\"PropertyValueSpecification\",\"valueRequired\":true,\"valueName\":\"search_term_string\"}}],\"inLanguage\":\"pl-PL\"},{\"@type\":\"Organization\",\"@id\":\"https:\/\/konferencja.pwplock.edu.pl\/#organization\",\"name\":\"Politechnika Warszawska Filia w P\u0142ocku\",\"alternateName\":\"Mi\u0119dzynarodowa Konferencja Naukowa\",\"url\":\"https:\/\/konferencja.pwplock.edu.pl\/\",\"logo\":{\"@type\":\"ImageObject\",\"inLanguage\":\"pl-PL\",\"@id\":\"https:\/\/konferencja.pwplock.edu.pl\/#\/schema\/logo\/image\/\",\"url\":\"https:\/\/konferencja.pwplock.edu.pl\/wp-content\/uploads\/2025\/02\/baner-Kneis-2025-2-1-1024x341-1.png\",\"contentUrl\":\"https:\/\/konferencja.pwplock.edu.pl\/wp-content\/uploads\/2025\/02\/baner-Kneis-2025-2-1-1024x341-1.png\",\"width\":1024,\"height\":341,\"caption\":\"Politechnika Warszawska Filia w P\u0142ocku\"},\"image\":{\"@id\":\"https:\/\/konferencja.pwplock.edu.pl\/#\/schema\/logo\/image\/\"},\"sameAs\":[\"https:\/\/www.facebook.com\/politechnika.plock\/?locale=pl_PL\",\"https:\/\/x.com\/pw_plock\",\"https:\/\/www.instagram.com\/knsonda_pwplock\/\",\"https:\/\/www.linkedin.com\/company\/ko\u0142o-naukowe-sonda\/\"]}]}<\/script>\n<!-- \/ Yoast SEO plugin. -->","yoast_head_json":{"title":"Poprzednie edycje - MI\u0118DZYNARODOWA KONFERENCJA NAUKOWA","robots":{"index":"index","follow":"follow","max-snippet":"max-snippet:-1","max-image-preview":"max-image-preview:large","max-video-preview":"max-video-preview:-1"},"canonical":"https:\/\/konferencja.pwplock.edu.pl\/?page_id=59","og_locale":"pl_PL","og_type":"article","og_title":"Poprzednie edycje - MI\u0118DZYNARODOWA KONFERENCJA NAUKOWA","og_description":"Mi\u0119dzynarodowe Konferencje Naukowe \u201eWsp\u00f3\u0142czesne problemy rozwoju gospodarczego\u201d to wydarzenie organizowane corocznie. Pozwala to na regularne monitorowanie i analizowanie wsp\u00f3\u0142czesnych trend\u00f3w w gospodarce. Dzi\u0119ki takiej formule uczestnicy maj\u0105 mo\u017cliwo\u015b\u0107 \u015bledzenia dynamicznych zmian w otoczeniu biznesowym, wymiany do\u015bwiadcze\u0144 oraz podejmowania dyskusji na temat najnowszych wyzwa\u0144 i szans w globalnej oraz lokalnej ekonomii. Ka\u017cda edycja skupia si\u0119 na&hellip;","og_url":"https:\/\/konferencja.pwplock.edu.pl\/?page_id=59","og_site_name":"MI\u0118DZYNARODOWA KONFERENCJA NAUKOWA","article_publisher":"https:\/\/www.facebook.com\/politechnika.plock\/?locale=pl_PL","article_modified_time":"2025-04-17T20:46:56+00:00","twitter_card":"summary_large_image","twitter_site":"@pw_plock","twitter_misc":{"Szacowany czas czytania":"1 minuta"},"schema":{"@context":"https:\/\/schema.org","@graph":[{"@type":"WebPage","@id":"https:\/\/konferencja.pwplock.edu.pl\/?page_id=59","url":"https:\/\/konferencja.pwplock.edu.pl\/?page_id=59","name":"Poprzednie edycje - MI\u0118DZYNARODOWA KONFERENCJA NAUKOWA","isPartOf":{"@id":"https:\/\/konferencja.pwplock.edu.pl\/#website"},"datePublished":"2025-02-20T09:07:24+00:00","dateModified":"2025-04-17T20:46:56+00:00","breadcrumb":{"@id":"https:\/\/konferencja.pwplock.edu.pl\/?page_id=59#breadcrumb"},"inLanguage":"pl-PL","potentialAction":[{"@type":"ReadAction","target":["https:\/\/konferencja.pwplock.edu.pl\/?page_id=59"]}]},{"@type":"BreadcrumbList","@id":"https:\/\/konferencja.pwplock.edu.pl\/?page_id=59#breadcrumb","itemListElement":[{"@type":"ListItem","position":1,"name":"Strona g\u0142\u00f3wna","item":"https:\/\/konferencja.pwplock.edu.pl\/"},{"@type":"ListItem","position":2,"name":"Poprzednie edycje"}]},{"@type":"WebSite","@id":"https:\/\/konferencja.pwplock.edu.pl\/#website","url":"https:\/\/konferencja.pwplock.edu.pl\/","name":"MI\u0118DZYNARODOWA KONFERENCJA NAUKOWA","description":"KNEiS - Politechnika Warszawska Filia w P\u0142ocku","publisher":{"@id":"https:\/\/konferencja.pwplock.edu.pl\/#organization"},"alternateName":"KNEiS - Politechnika Warszawska Filia w P\u0142ocku","potentialAction":[{"@type":"SearchAction","target":{"@type":"EntryPoint","urlTemplate":"https:\/\/konferencja.pwplock.edu.pl\/?s={search_term_string}"},"query-input":{"@type":"PropertyValueSpecification","valueRequired":true,"valueName":"search_term_string"}}],"inLanguage":"pl-PL"},{"@type":"Organization","@id":"https:\/\/konferencja.pwplock.edu.pl\/#organization","name":"Politechnika Warszawska Filia w P\u0142ocku","alternateName":"Mi\u0119dzynarodowa Konferencja Naukowa","url":"https:\/\/konferencja.pwplock.edu.pl\/","logo":{"@type":"ImageObject","inLanguage":"pl-PL","@id":"https:\/\/konferencja.pwplock.edu.pl\/#\/schema\/logo\/image\/","url":"https:\/\/konferencja.pwplock.edu.pl\/wp-content\/uploads\/2025\/02\/baner-Kneis-2025-2-1-1024x341-1.png","contentUrl":"https:\/\/konferencja.pwplock.edu.pl\/wp-content\/uploads\/2025\/02\/baner-Kneis-2025-2-1-1024x341-1.png","width":1024,"height":341,"caption":"Politechnika Warszawska Filia w P\u0142ocku"},"image":{"@id":"https:\/\/konferencja.pwplock.edu.pl\/#\/schema\/logo\/image\/"},"sameAs":["https:\/\/www.facebook.com\/politechnika.plock\/?locale=pl_PL","https:\/\/x.com\/pw_plock","https:\/\/www.instagram.com\/knsonda_pwplock\/","https:\/\/www.linkedin.com\/company\/ko\u0142o-naukowe-sonda\/"]}]}},"_links":{"self":[{"href":"https:\/\/konferencja.pwplock.edu.pl\/index.php?rest_route=\/wp\/v2\/pages\/59","targetHints":{"allow":["GET"]}}],"collection":[{"href":"https:\/\/konferencja.pwplock.edu.pl\/index.php?rest_route=\/wp\/v2\/pages"}],"about":[{"href":"https:\/\/konferencja.pwplock.edu.pl\/index.php?rest_route=\/wp\/v2\/types\/page"}],"author":[{"embeddable":true,"href":"https:\/\/konferencja.pwplock.edu.pl\/index.php?rest_route=\/wp\/v2\/users\/1"}],"replies":[{"embeddable":true,"href":"https:\/\/konferencja.pwplock.edu.pl\/index.php?rest_route=%2Fwp%2Fv2%2Fcomments&post=59"}],"version-history":[{"count":7,"href":"https:\/\/konferencja.pwplock.edu.pl\/index.php?rest_route=\/wp\/v2\/pages\/59\/revisions"}],"predecessor-version":[{"id":92,"href":"https:\/\/konferencja.pwplock.edu.pl\/index.php?rest_route=\/wp\/v2\/pages\/59\/revisions\/92"}],"wp:attachment":[{"href":"https:\/\/konferencja.pwplock.edu.pl\/index.php?rest_route=%2Fwp%2Fv2%2Fmedia&parent=59"}],"curies":[{"name":"wp","href":"https:\/\/api.w.org\/{rel}","templated":true}]}}