{"id":40,"date":"2025-02-20T09:01:57","date_gmt":"2025-02-20T09:01:57","guid":{"rendered":"https:\/\/konferencja.pwplock.edu.pl\/?page_id=40"},"modified":"2026-02-18T10:29:48","modified_gmt":"2026-02-18T10:29:48","slug":"o-konferencji-2","status":"publish","type":"page","link":"https:\/\/konferencja.pwplock.edu.pl\/","title":{"rendered":""},"content":{"rendered":"\n<h2 class=\"wp-block-heading has-text-align-center\">XIV MI\u0118DZYNRODOWA KONFERENCJA NAUKOWA<\/h2>\n\n\n\n<h3 class=\"wp-block-heading has-text-align-center\"><strong>Kolegium Nauk Ekonomicznych i Spo\u0142ecznych Politechniki Warszawskiej, Filia w P\u0142ocku oraz Ko\u0142o Naukowe SONDA <\/strong>maj\u0105 zaszczyt zaprosi\u0107 do udzia\u0142u w<\/h3>\n\n\n\n<p class=\"has-text-align-center\"><strong>XIV Mi\u0119dzynarodowej Konferencji Naukowej<\/strong><\/p>\n\n\n\n<p class=\"has-text-align-center\"><em><strong>Wsp\u00f3\u0142czesne problemy rozwoju gospodarczego \u2013&nbsp;Organizacje i ludzie w czasach zmian<\/strong><\/em><\/p>\n\n\n\n<p class=\"has-text-align-center\"><strong>29 maja 2026 r.&nbsp;<\/strong><\/p>\n\n\n\n<p class=\"has-text-align-center\"><strong>w formie zdalnej<\/strong><\/p>\n\n\n\n<p class=\"has-black-color has-text-color has-link-color wp-elements-3a30c51a6aff68fc75de8ac142cf3f2a\">Konferencja \u201eWsp\u00f3\u0142czesne problemy rozwoju gospodarczego\u201d organizowana jest od 2014 roku przez Kolegium Nauk Ekonomicznych i Spo\u0142ecznych Politechniki Warszawskiej, Filia w P\u0142ocku oraz KN SONDA. W tym roku przypada jej XIV. ju\u017c edycja.<\/p>\n\n\n\n<p class=\"has-black-color has-text-color has-link-color wp-elements-5522ad9c5d5f72e59ee96670a92db3b9\">Konferencja jest adresowana do pracownik\u00f3w naukowych i doktorant\u00f3w, a tak\u017ce (w&nbsp;odr\u0119bnym panelu) dla student\u00f3w z zakresu nauk spo\u0142ecznych i zarz\u0105dzania.<\/p>\n\n\n\n<p class=\"has-black-color has-text-color has-link-color wp-elements-44ef11c8237a5822ae70f83f82a4ab26\"><strong>Cele konferencji<\/strong><\/p>\n\n\n\n<p class=\"has-black-color has-text-color has-link-color wp-elements-e55deb6b758b931dbb544ac37807e0c3\">G\u0142\u00f3wne cele konferencji s\u0105 nast\u0119puj\u0105ce:<\/p>\n\n\n\n<ul class=\"wp-block-list\">\n<li class=\"has-black-color has-text-color has-link-color wp-elements-9689f4bf5080248a021de8dcb9fe0d35\">integracja \u015brodowiska pracownik\u00f3w naukowych zainteresowanych ekonomi\u0105, finansami, zarz\u0105dzaniem oraz funkcjonowaniem gospodarki w r\u00f3\u017cnych jej p\u0142aszczyznach,<\/li>\n\n\n\n<li class=\"has-black-color has-text-color has-link-color wp-elements-eca3c37d136515fd0efe959d1abc510f\">prezentacja wynik\u00f3w bada\u0144 naukowych i dyskusja nad nimi,<\/li>\n\n\n\n<li class=\"has-black-color has-text-color has-link-color wp-elements-122b16c6e8e5d4cc05eed553ddb8cb9d\">wymiana informacji na temat pr\u0105d\u00f3w badawczych i dzia\u0142alno\u015bci katedr funkcjonuj\u0105cych w ramach obszar\u00f3w ekonomia, finanse i zarz\u0105dzanie,<\/li>\n\n\n\n<li class=\"has-black-color has-text-color has-link-color wp-elements-eb882b2320908cdaf6243608f20c6989\">dyskusja nad aktualnymi zagadnieniami mikro- i makro-ekonomicznymi w Polsce i na \u015bwiecie oraz ich implikacjami politycznymi,<\/li>\n\n\n\n<li class=\"has-black-color has-text-color has-link-color wp-elements-3928bd755ffeaea68fc67930c23c6a43\">dyskusja dotycz\u0105ca nauczania przedmiot\u00f3w z obszar\u00f3w ekonomii, finans\u00f3w i zarz\u0105dzania.&nbsp;<\/li>\n<\/ul>\n\n\n\n<p class=\"has-black-color has-text-color has-link-color wp-elements-807f0dbd92de9b2ce8303d0c2f1ca7cb\">Konferencja ma zasi\u0119g mi\u0119dzynarodowy, w kt\u00f3rym regularnie bior\u0105 udzia\u0142 naukowcy z zagranicznych uniwersytet\u00f3w, w tym z Ukrainy.<\/p>\n\n\n\n<h1 class=\"wp-block-heading\">Zakres tematyczny konferencji<\/h1>\n\n\n\n<div style=\"height:26px\" aria-hidden=\"true\" class=\"wp-block-spacer\"><\/div>\n\n\n\n<h4 class=\"wp-block-heading\"><strong>Tematem przewodnim konferencji s\u0105 zagadnienia dotycz\u0105ce zachowania organizacji i ludzi w czasach zmian. <\/strong><strong><\/strong><\/h4>\n\n\n\n<p class=\"has-black-color has-text-color has-link-color wp-elements-be450c321a120e7a9489255b72e92084\">Dynamiczne przemiany gospodarcze pocz\u0105tku XXI wieku stawiaj\u0105 przed organizacjami i lud\u017ami zupe\u0142nie nowe wyzwania. Globalizacja, transformacja cyfrowa, kryzysy klimatyczne i spo\u0142eczne, wojny oraz post\u0119puj\u0105ca automatyzacja zmieniaj\u0105 spos\u00f3b, w jaki rozumiemy rozw\u00f3j, prac\u0119 i przyw\u00f3dztwo. Stawiaj\u0105 one przed gospodarkami, organizacjami i lud\u017ami wyzwania, kt\u00f3re wymagaj\u0105 elastyczno\u015bci, innowacyjno\u015bci i zdolno\u015bci do adaptacji. Wsp\u00f3\u0142czesny rozw\u00f3j gospodarczy nie mo\u017ce by\u0107 ju\u017c analizowany wy\u0142\u0105cznie przez pryzmat wzrostu PKB, lecz musi uwzgl\u0119dnia\u0107 aspekty spo\u0142eczne, ekologiczne i technologiczne. Wsp\u00f3\u0142czesne organizacje musz\u0105 \u0142\u0105czy\u0107 innowacyjno\u015b\u0107 z odpowiedzialno\u015bci\u0105, efektywno\u015b\u0107 z etyk\u0105, a post\u0119p technologiczny z trosk\u0105 o cz\u0142owieka i \u015brodowisko.<\/p>\n\n\n\n<p class=\"has-black-color has-text-color has-link-color wp-elements-dc8fd31468a4eab2f2601daaf622231f\">Globalizacja z jednej strony otworzy\u0142a nowe mo\u017cliwo\u015bci dla rozwoju, przyspieszaj\u0105c procesy modernizacyjne w wielu krajach, z drugiej jednak strony pog\u0142\u0119bi\u0142a nier\u00f3wno\u015bci spo\u0142eczne i gospodarcze, prowadz\u0105c do koncentracji bogactwa oraz uzale\u017cnienia gospodarek lokalnych od globalnych \u0142a\u0144cuch\u00f3w dostaw. Pandemia COVID-19 unaoczni\u0142a krucho\u015b\u0107 tych powi\u0105za\u0144 i konieczno\u015b\u0107 budowania wi\u0119kszej odporno\u015bci system\u00f3w gospodarczych na wstrz\u0105sy zewn\u0119trzne.<\/p>\n\n\n\n<p class=\"has-black-color has-text-color has-link-color wp-elements-9583469439f1aa7cc794bad64316ea4d\">Post\u0119p technologiczny, szczeg\u00f3lnie w obszarze sztucznej inteligencji, automatyzacji i analizy danych, zrewolucjonizowa\u0142 spos\u00f3b funkcjonowania organizacji. Wsp\u00f3\u0142czesne przedsi\u0119biorstwa musz\u0105 nie tylko wdra\u017ca\u0107 innowacje technologiczne, ale r\u00f3wnie\u017c tworzy\u0107 kultur\u0119 organizacyjn\u0105 sprzyjaj\u0105c\u0105 uczeniu si\u0119 i adaptacji. R\u00f3wnocze\u015bnie zmienia si\u0119 rola kapita\u0142u ludzkiego w organizacjach. Kompetencje przysz\u0142o\u015bci obejmuj\u0105 ju\u017c nie tylko wiedz\u0119 techniczn\u0105, ale r\u00f3wnie\u017c zdolno\u015b\u0107 krytycznego my\u015blenia, kreatywno\u015b\u0107, empati\u0119 i umiej\u0119tno\u015b\u0107 wsp\u00f3\u0142pracy. Wyzwania wsp\u00f3\u0142czesno\u015bci zmuszaj\u0105 organizacje do redefinicji poj\u0119cia pracy \u2013 coraz cz\u0119\u015bciej m\u00f3wi si\u0119 o modelach hybrydowych, pracy zdalnej czy tzw. gig economy.<\/p>\n\n\n\n<p class=\"has-black-color has-text-color has-link-color wp-elements-9f5b9096d8ac13d20e44c3b8de53943f\">Wsp\u00f3\u0142czesne gospodarki nie mog\u0105 rozwija\u0107 si\u0119 kosztem \u015brodowiska naturalnego ani wykluczenia spo\u0142ecznego. Koncepcja zr\u00f3wnowa\u017conego rozwoju staje si\u0119 kluczowym elementem strategii organizacyjnych. Przedsi\u0119biorstwa coraz cz\u0119\u015bciej w\u0142\u0105czaj\u0105 do swoich dzia\u0142a\u0144 cele ESG (Environmental, Social, Governance), kt\u00f3re \u0142\u0105cz\u0105 efektywno\u015b\u0107 ekonomiczn\u0105 z trosk\u0105 o spo\u0142ecze\u0144stwo i planet\u0119.<\/p>\n\n\n\n<p class=\"has-black-color has-text-color has-link-color wp-elements-d05985ce88331541824aa6bbfb7f076f\">Epoka stabilno\u015bci gospodarczej ust\u0119puje miejsca rzeczywisto\u015bci permanentnej niepewno\u015bci. Kryzysy \u2013 finansowe, klimatyczne, polityczne \u2013 sta\u0142y si\u0119 elementem codzienno\u015bci. Dlatego wsp\u00f3\u0142czesne organizacje musz\u0105 rozwija\u0107 tzw. odporno\u015b\u0107 organizacyjn\u0105 (organizational resilience), czyli zdolno\u015b\u0107 do szybkiego reagowania, uczenia si\u0119 i odbudowy po trudnych do\u015bwiadczeniach. Podobnie jednostki musz\u0105 kszta\u0142towa\u0107 postawy otwarto\u015bci, elastyczno\u015bci i umiej\u0119tno\u015bci radzenia sobie ze stresem i zmian\u0105.<\/p>\n\n\n\n<p class=\"has-black-color has-text-color has-link-color wp-elements-5711c9de121ccb909c4a6c47c900297c\">W czasach nieustannej zmiany organizacje i ludzie musz\u0105 uczy\u0107 si\u0119 funkcjonowa\u0107 w \u015bwiecie, w kt\u00f3rym zmiana jest jedyn\u0105 sta\u0142\u0105. Przysz\u0142o\u015b\u0107 gospodarki zale\u017cy od umiej\u0119tno\u015bci harmonijnego \u0142\u0105czenia technologii i humanizmu. To wyzwanie wymaga nowego spojrzenia na rol\u0119 organizacji, lider\u00f3w i spo\u0142ecze\u0144stwa \u2013 tak, aby rozw\u00f3j nie by\u0142 jedynie celem, lecz r\u00f3wnie\u017c wsp\u00f3ln\u0105 odpowiedzialno\u015bci\u0105.<\/p>\n\n\n\n<div style=\"height:26px\" aria-hidden=\"true\" class=\"wp-block-spacer\"><\/div>\n\n\n\n<h4 class=\"wp-block-heading has-black-color has-text-color has-link-color wp-elements-c4cb0ccab5b814f2c36946e6502a4333\"><strong>W ramach tego obszaru proponujemy bloki tematyczne obejmuj\u0105ce swym zakresem wp\u0142yw zmian zachodz\u0105cych we wsp\u00f3\u0142czesnym \u015bwiecie, wynikaj\u0105cych m.in. z <\/strong>transformacji cyfrowej, kryzys\u00f3w klimatycznych i spo\u0142ecznych, wojen oraz post\u0119puj\u0105cej automatyzacji <strong>na: <\/strong><strong><\/strong><\/h4>\n\n\n\n<ul class=\"wp-block-list\">\n<li class=\"has-black-color has-text-color has-link-color wp-elements-672f7506318ce5b61add0140675a7b0d\">wska\u017aniki mikro- i makroekonomiczne,<\/li>\n\n\n\n<li class=\"has-black-color has-text-color has-link-color wp-elements-057791587bac7d4bb059bea96c361ecb\">rynek pracy,<\/li>\n\n\n\n<li class=\"has-black-color has-text-color has-link-color wp-elements-0cea2050c59663f5d98597c31891b0bf\">przedsi\u0119biorstwa,<\/li>\n\n\n\n<li class=\"has-black-color has-text-color has-link-color wp-elements-b8baaa07f23f578429a347d5ab078a3d\">podmioty sektora publicznego (m.in. ochron\u0119 zdrowia, szkolnictwo, administracj\u0119 centraln\u0105 i lokaln\u0105),<\/li>\n\n\n\n<li class=\"has-black-color has-text-color has-link-color wp-elements-1ab94fe17daa00734843f2174ae1766b\">gospodarstwa domowe.<\/li>\n<\/ul>\n","protected":false},"excerpt":{"rendered":"<p>XIV MI\u0118DZYNRODOWA KONFERENCJA NAUKOWA Kolegium Nauk Ekonomicznych i Spo\u0142ecznych Politechniki Warszawskiej, Filia w P\u0142ocku oraz Ko\u0142o Naukowe SONDA maj\u0105 zaszczyt zaprosi\u0107 do udzia\u0142u w XIV Mi\u0119dzynarodowej Konferencji Naukowej Wsp\u00f3\u0142czesne problemy rozwoju gospodarczego \u2013&nbsp;Organizacje i ludzie w czasach zmian 29 maja 2026 r.&nbsp; w formie zdalnej Konferencja \u201eWsp\u00f3\u0142czesne problemy rozwoju gospodarczego\u201d organizowana jest od 2014 roku&hellip;<\/p>\n","protected":false},"author":1,"featured_media":0,"parent":0,"menu_order":0,"comment_status":"closed","ping_status":"closed","template":"","meta":{"footnotes":""},"class_list":["post-40","page","type-page","status-publish","hentry"],"yoast_head":"<!-- This site is optimized with the Yoast SEO plugin v25.0 - https:\/\/yoast.com\/wordpress\/plugins\/seo\/ -->\n<title>- MI\u0118DZYNARODOWA KONFERENCJA NAUKOWA<\/title>\n<meta name=\"description\" content=\"XIII MI\u0118DZYNARODOWA KONFERENCJA NAUKOWA &quot;Wsp\u00f3\u0142czesne Problemy Rozwoju Gospodarczego - Wyzwania gospodarki cyfrowej&quot;\" \/>\n<meta name=\"robots\" content=\"index, follow, max-snippet:-1, max-image-preview:large, max-video-preview:-1\" \/>\n<link rel=\"canonical\" href=\"https:\/\/konferencja.pwplock.edu.pl\/\" \/>\n<meta property=\"og:locale\" content=\"pl_PL\" \/>\n<meta property=\"og:type\" content=\"article\" \/>\n<meta property=\"og:title\" content=\"- MI\u0118DZYNARODOWA KONFERENCJA NAUKOWA\" \/>\n<meta property=\"og:description\" content=\"XIII MI\u0118DZYNARODOWA KONFERENCJA NAUKOWA &quot;Wsp\u00f3\u0142czesne Problemy Rozwoju Gospodarczego - Wyzwania gospodarki cyfrowej&quot;\" \/>\n<meta property=\"og:url\" content=\"https:\/\/konferencja.pwplock.edu.pl\/\" \/>\n<meta property=\"og:site_name\" content=\"MI\u0118DZYNARODOWA KONFERENCJA NAUKOWA\" \/>\n<meta property=\"article:publisher\" content=\"https:\/\/www.facebook.com\/politechnika.plock\/?locale=pl_PL\" \/>\n<meta property=\"article:modified_time\" content=\"2026-02-18T10:29:48+00:00\" \/>\n<meta name=\"twitter:card\" content=\"summary_large_image\" \/>\n<meta name=\"twitter:site\" content=\"@pw_plock\" \/>\n<meta name=\"twitter:label1\" content=\"Szacowany czas czytania\" \/>\n\t<meta name=\"twitter:data1\" content=\"4 minuty\" \/>\n<script type=\"application\/ld+json\" class=\"yoast-schema-graph\">{\"@context\":\"https:\/\/schema.org\",\"@graph\":[{\"@type\":\"WebPage\",\"@id\":\"https:\/\/konferencja.pwplock.edu.pl\/\",\"url\":\"https:\/\/konferencja.pwplock.edu.pl\/\",\"name\":\"- MI\u0118DZYNARODOWA KONFERENCJA NAUKOWA\",\"isPartOf\":{\"@id\":\"https:\/\/konferencja.pwplock.edu.pl\/#website\"},\"datePublished\":\"2025-02-20T09:01:57+00:00\",\"dateModified\":\"2026-02-18T10:29:48+00:00\",\"description\":\"XIII MI\u0118DZYNARODOWA KONFERENCJA NAUKOWA \\\"Wsp\u00f3\u0142czesne Problemy Rozwoju Gospodarczego - Wyzwania gospodarki cyfrowej\\\"\",\"inLanguage\":\"pl-PL\",\"potentialAction\":[{\"@type\":\"ReadAction\",\"target\":[\"https:\/\/konferencja.pwplock.edu.pl\/\"]}]},{\"@type\":\"WebSite\",\"@id\":\"https:\/\/konferencja.pwplock.edu.pl\/#website\",\"url\":\"https:\/\/konferencja.pwplock.edu.pl\/\",\"name\":\"MI\u0118DZYNARODOWA KONFERENCJA NAUKOWA\",\"description\":\"KNEiS - Politechnika Warszawska Filia w P\u0142ocku\",\"publisher\":{\"@id\":\"https:\/\/konferencja.pwplock.edu.pl\/#organization\"},\"alternateName\":\"KNEiS - Politechnika Warszawska Filia w P\u0142ocku\",\"potentialAction\":[{\"@type\":\"SearchAction\",\"target\":{\"@type\":\"EntryPoint\",\"urlTemplate\":\"https:\/\/konferencja.pwplock.edu.pl\/?s={search_term_string}\"},\"query-input\":{\"@type\":\"PropertyValueSpecification\",\"valueRequired\":true,\"valueName\":\"search_term_string\"}}],\"inLanguage\":\"pl-PL\"},{\"@type\":\"Organization\",\"@id\":\"https:\/\/konferencja.pwplock.edu.pl\/#organization\",\"name\":\"Politechnika Warszawska Filia w P\u0142ocku\",\"alternateName\":\"Mi\u0119dzynarodowa Konferencja Naukowa\",\"url\":\"https:\/\/konferencja.pwplock.edu.pl\/\",\"logo\":{\"@type\":\"ImageObject\",\"inLanguage\":\"pl-PL\",\"@id\":\"https:\/\/konferencja.pwplock.edu.pl\/#\/schema\/logo\/image\/\",\"url\":\"https:\/\/konferencja.pwplock.edu.pl\/wp-content\/uploads\/2025\/02\/baner-Kneis-2025-2-1-1024x341-1.png\",\"contentUrl\":\"https:\/\/konferencja.pwplock.edu.pl\/wp-content\/uploads\/2025\/02\/baner-Kneis-2025-2-1-1024x341-1.png\",\"width\":1024,\"height\":341,\"caption\":\"Politechnika Warszawska Filia w P\u0142ocku\"},\"image\":{\"@id\":\"https:\/\/konferencja.pwplock.edu.pl\/#\/schema\/logo\/image\/\"},\"sameAs\":[\"https:\/\/www.facebook.com\/politechnika.plock\/?locale=pl_PL\",\"https:\/\/x.com\/pw_plock\",\"https:\/\/www.instagram.com\/knsonda_pwplock\/\",\"https:\/\/www.linkedin.com\/company\/ko\u0142o-naukowe-sonda\/\"]}]}<\/script>\n<!-- \/ Yoast SEO plugin. -->","yoast_head_json":{"title":"- MI\u0118DZYNARODOWA KONFERENCJA NAUKOWA","description":"XIII MI\u0118DZYNARODOWA KONFERENCJA NAUKOWA \"Wsp\u00f3\u0142czesne Problemy Rozwoju Gospodarczego - Wyzwania gospodarki cyfrowej\"","robots":{"index":"index","follow":"follow","max-snippet":"max-snippet:-1","max-image-preview":"max-image-preview:large","max-video-preview":"max-video-preview:-1"},"canonical":"https:\/\/konferencja.pwplock.edu.pl\/","og_locale":"pl_PL","og_type":"article","og_title":"- MI\u0118DZYNARODOWA KONFERENCJA NAUKOWA","og_description":"XIII MI\u0118DZYNARODOWA KONFERENCJA NAUKOWA \"Wsp\u00f3\u0142czesne Problemy Rozwoju Gospodarczego - Wyzwania gospodarki cyfrowej\"","og_url":"https:\/\/konferencja.pwplock.edu.pl\/","og_site_name":"MI\u0118DZYNARODOWA KONFERENCJA NAUKOWA","article_publisher":"https:\/\/www.facebook.com\/politechnika.plock\/?locale=pl_PL","article_modified_time":"2026-02-18T10:29:48+00:00","twitter_card":"summary_large_image","twitter_site":"@pw_plock","twitter_misc":{"Szacowany czas czytania":"4 minuty"},"schema":{"@context":"https:\/\/schema.org","@graph":[{"@type":"WebPage","@id":"https:\/\/konferencja.pwplock.edu.pl\/","url":"https:\/\/konferencja.pwplock.edu.pl\/","name":"- MI\u0118DZYNARODOWA KONFERENCJA NAUKOWA","isPartOf":{"@id":"https:\/\/konferencja.pwplock.edu.pl\/#website"},"datePublished":"2025-02-20T09:01:57+00:00","dateModified":"2026-02-18T10:29:48+00:00","description":"XIII MI\u0118DZYNARODOWA KONFERENCJA NAUKOWA \"Wsp\u00f3\u0142czesne Problemy Rozwoju Gospodarczego - Wyzwania gospodarki cyfrowej\"","inLanguage":"pl-PL","potentialAction":[{"@type":"ReadAction","target":["https:\/\/konferencja.pwplock.edu.pl\/"]}]},{"@type":"WebSite","@id":"https:\/\/konferencja.pwplock.edu.pl\/#website","url":"https:\/\/konferencja.pwplock.edu.pl\/","name":"MI\u0118DZYNARODOWA KONFERENCJA NAUKOWA","description":"KNEiS - Politechnika Warszawska Filia w P\u0142ocku","publisher":{"@id":"https:\/\/konferencja.pwplock.edu.pl\/#organization"},"alternateName":"KNEiS - Politechnika Warszawska Filia w P\u0142ocku","potentialAction":[{"@type":"SearchAction","target":{"@type":"EntryPoint","urlTemplate":"https:\/\/konferencja.pwplock.edu.pl\/?s={search_term_string}"},"query-input":{"@type":"PropertyValueSpecification","valueRequired":true,"valueName":"search_term_string"}}],"inLanguage":"pl-PL"},{"@type":"Organization","@id":"https:\/\/konferencja.pwplock.edu.pl\/#organization","name":"Politechnika Warszawska Filia w P\u0142ocku","alternateName":"Mi\u0119dzynarodowa Konferencja Naukowa","url":"https:\/\/konferencja.pwplock.edu.pl\/","logo":{"@type":"ImageObject","inLanguage":"pl-PL","@id":"https:\/\/konferencja.pwplock.edu.pl\/#\/schema\/logo\/image\/","url":"https:\/\/konferencja.pwplock.edu.pl\/wp-content\/uploads\/2025\/02\/baner-Kneis-2025-2-1-1024x341-1.png","contentUrl":"https:\/\/konferencja.pwplock.edu.pl\/wp-content\/uploads\/2025\/02\/baner-Kneis-2025-2-1-1024x341-1.png","width":1024,"height":341,"caption":"Politechnika Warszawska Filia w P\u0142ocku"},"image":{"@id":"https:\/\/konferencja.pwplock.edu.pl\/#\/schema\/logo\/image\/"},"sameAs":["https:\/\/www.facebook.com\/politechnika.plock\/?locale=pl_PL","https:\/\/x.com\/pw_plock","https:\/\/www.instagram.com\/knsonda_pwplock\/","https:\/\/www.linkedin.com\/company\/ko\u0142o-naukowe-sonda\/"]}]}},"_links":{"self":[{"href":"https:\/\/konferencja.pwplock.edu.pl\/index.php?rest_route=\/wp\/v2\/pages\/40","targetHints":{"allow":["GET"]}}],"collection":[{"href":"https:\/\/konferencja.pwplock.edu.pl\/index.php?rest_route=\/wp\/v2\/pages"}],"about":[{"href":"https:\/\/konferencja.pwplock.edu.pl\/index.php?rest_route=\/wp\/v2\/types\/page"}],"author":[{"embeddable":true,"href":"https:\/\/konferencja.pwplock.edu.pl\/index.php?rest_route=\/wp\/v2\/users\/1"}],"replies":[{"embeddable":true,"href":"https:\/\/konferencja.pwplock.edu.pl\/index.php?rest_route=%2Fwp%2Fv2%2Fcomments&post=40"}],"version-history":[{"count":73,"href":"https:\/\/konferencja.pwplock.edu.pl\/index.php?rest_route=\/wp\/v2\/pages\/40\/revisions"}],"predecessor-version":[{"id":575,"href":"https:\/\/konferencja.pwplock.edu.pl\/index.php?rest_route=\/wp\/v2\/pages\/40\/revisions\/575"}],"wp:attachment":[{"href":"https:\/\/konferencja.pwplock.edu.pl\/index.php?rest_route=%2Fwp%2Fv2%2Fmedia&parent=40"}],"curies":[{"name":"wp","href":"https:\/\/api.w.org\/{rel}","templated":true}]}}