{"id":280,"date":"2025-04-16T12:51:50","date_gmt":"2025-04-16T12:51:50","guid":{"rendered":"https:\/\/konferencja.pwplock.edu.pl\/?page_id=280"},"modified":"2025-10-31T10:00:21","modified_gmt":"2025-10-31T10:00:21","slug":"patroni","status":"publish","type":"page","link":"https:\/\/konferencja.pwplock.edu.pl\/?page_id=280","title":{"rendered":"PATRONI"},"content":{"rendered":"\n<p class=\"has-black-color has-text-color has-link-color wp-elements-70dbb19f82f18e50c36add199be8a743\">Strona w przygotowaniu &#8211; informacje dotycz\u0105ce Patron\u00f3w XIV Mi\u0119dzynarodowej Konferencji Naukowej b\u0119d\u0105 umieszczane na bie\u017c\u0105co.<\/p>\n","protected":false},"excerpt":{"rendered":"<p>Strona w przygotowaniu &#8211; informacje dotycz\u0105ce Patron\u00f3w XIV Mi\u0119dzynarodowej Konferencji Naukowej b\u0119d\u0105 umieszczane na bie\u017c\u0105co.<\/p>\n","protected":false},"author":2,"featured_media":0,"parent":0,"menu_order":0,"comment_status":"closed","ping_status":"closed","template":"","meta":{"footnotes":""},"class_list":["post-280","page","type-page","status-publish","hentry"],"yoast_head":"<!-- This site is optimized with the Yoast SEO plugin v25.0 - https:\/\/yoast.com\/wordpress\/plugins\/seo\/ -->\n<title>PATRONI - MI\u0118DZYNARODOWA KONFERENCJA NAUKOWA<\/title>\n<meta name=\"robots\" content=\"index, follow, max-snippet:-1, max-image-preview:large, max-video-preview:-1\" \/>\n<link rel=\"canonical\" href=\"https:\/\/konferencja.pwplock.edu.pl\/?page_id=280\" \/>\n<meta property=\"og:locale\" content=\"pl_PL\" \/>\n<meta property=\"og:type\" content=\"article\" \/>\n<meta property=\"og:title\" content=\"Patroni\" \/>\n<meta property=\"og:description\" content=\"XIII Mi\u0119dzynarodowa Konferencja Naukowa zosta\u0142a obj\u0119ta patronatem administracji samorz\u0105dowej, w\u0142adz PW oraz PTE\" \/>\n<meta property=\"og:url\" content=\"https:\/\/konferencja.pwplock.edu.pl\/?page_id=280\" \/>\n<meta property=\"og:site_name\" content=\"MI\u0118DZYNARODOWA KONFERENCJA NAUKOWA\" \/>\n<meta property=\"article:publisher\" content=\"https:\/\/www.facebook.com\/politechnika.plock\/?locale=pl_PL\" \/>\n<meta property=\"article:modified_time\" content=\"2025-10-31T10:00:21+00:00\" \/>\n<meta name=\"twitter:card\" content=\"summary_large_image\" \/>\n<meta name=\"twitter:site\" content=\"@pw_plock\" \/>\n<meta name=\"twitter:label1\" content=\"Szacowany czas czytania\" \/>\n\t<meta name=\"twitter:data1\" content=\"1 minuta\" \/>\n<script type=\"application\/ld+json\" class=\"yoast-schema-graph\">{\"@context\":\"https:\/\/schema.org\",\"@graph\":[{\"@type\":\"WebPage\",\"@id\":\"https:\/\/konferencja.pwplock.edu.pl\/?page_id=280\",\"url\":\"https:\/\/konferencja.pwplock.edu.pl\/?page_id=280\",\"name\":\"PATRONI - MI\u0118DZYNARODOWA KONFERENCJA NAUKOWA\",\"isPartOf\":{\"@id\":\"https:\/\/konferencja.pwplock.edu.pl\/#website\"},\"datePublished\":\"2025-04-16T12:51:50+00:00\",\"dateModified\":\"2025-10-31T10:00:21+00:00\",\"breadcrumb\":{\"@id\":\"https:\/\/konferencja.pwplock.edu.pl\/?page_id=280#breadcrumb\"},\"inLanguage\":\"pl-PL\",\"potentialAction\":[{\"@type\":\"ReadAction\",\"target\":[\"https:\/\/konferencja.pwplock.edu.pl\/?page_id=280\"]}]},{\"@type\":\"BreadcrumbList\",\"@id\":\"https:\/\/konferencja.pwplock.edu.pl\/?page_id=280#breadcrumb\",\"itemListElement\":[{\"@type\":\"ListItem\",\"position\":1,\"name\":\"Strona g\u0142\u00f3wna\",\"item\":\"https:\/\/konferencja.pwplock.edu.pl\/\"},{\"@type\":\"ListItem\",\"position\":2,\"name\":\"PATRONI\"}]},{\"@type\":\"WebSite\",\"@id\":\"https:\/\/konferencja.pwplock.edu.pl\/#website\",\"url\":\"https:\/\/konferencja.pwplock.edu.pl\/\",\"name\":\"MI\u0118DZYNARODOWA KONFERENCJA NAUKOWA\",\"description\":\"KNEiS - Politechnika Warszawska Filia w P\u0142ocku\",\"publisher\":{\"@id\":\"https:\/\/konferencja.pwplock.edu.pl\/#organization\"},\"alternateName\":\"KNEiS - Politechnika Warszawska Filia w P\u0142ocku\",\"potentialAction\":[{\"@type\":\"SearchAction\",\"target\":{\"@type\":\"EntryPoint\",\"urlTemplate\":\"https:\/\/konferencja.pwplock.edu.pl\/?s={search_term_string}\"},\"query-input\":{\"@type\":\"PropertyValueSpecification\",\"valueRequired\":true,\"valueName\":\"search_term_string\"}}],\"inLanguage\":\"pl-PL\"},{\"@type\":\"Organization\",\"@id\":\"https:\/\/konferencja.pwplock.edu.pl\/#organization\",\"name\":\"Politechnika Warszawska Filia w P\u0142ocku\",\"alternateName\":\"Mi\u0119dzynarodowa Konferencja Naukowa\",\"url\":\"https:\/\/konferencja.pwplock.edu.pl\/\",\"logo\":{\"@type\":\"ImageObject\",\"inLanguage\":\"pl-PL\",\"@id\":\"https:\/\/konferencja.pwplock.edu.pl\/#\/schema\/logo\/image\/\",\"url\":\"https:\/\/konferencja.pwplock.edu.pl\/wp-content\/uploads\/2025\/02\/baner-Kneis-2025-2-1-1024x341-1.png\",\"contentUrl\":\"https:\/\/konferencja.pwplock.edu.pl\/wp-content\/uploads\/2025\/02\/baner-Kneis-2025-2-1-1024x341-1.png\",\"width\":1024,\"height\":341,\"caption\":\"Politechnika Warszawska Filia w P\u0142ocku\"},\"image\":{\"@id\":\"https:\/\/konferencja.pwplock.edu.pl\/#\/schema\/logo\/image\/\"},\"sameAs\":[\"https:\/\/www.facebook.com\/politechnika.plock\/?locale=pl_PL\",\"https:\/\/x.com\/pw_plock\",\"https:\/\/www.instagram.com\/knsonda_pwplock\/\",\"https:\/\/www.linkedin.com\/company\/ko\u0142o-naukowe-sonda\/\"]}]}<\/script>\n<!-- \/ Yoast SEO plugin. -->","yoast_head_json":{"title":"PATRONI - MI\u0118DZYNARODOWA KONFERENCJA NAUKOWA","robots":{"index":"index","follow":"follow","max-snippet":"max-snippet:-1","max-image-preview":"max-image-preview:large","max-video-preview":"max-video-preview:-1"},"canonical":"https:\/\/konferencja.pwplock.edu.pl\/?page_id=280","og_locale":"pl_PL","og_type":"article","og_title":"Patroni","og_description":"XIII Mi\u0119dzynarodowa Konferencja Naukowa zosta\u0142a obj\u0119ta patronatem administracji samorz\u0105dowej, w\u0142adz PW oraz PTE","og_url":"https:\/\/konferencja.pwplock.edu.pl\/?page_id=280","og_site_name":"MI\u0118DZYNARODOWA KONFERENCJA NAUKOWA","article_publisher":"https:\/\/www.facebook.com\/politechnika.plock\/?locale=pl_PL","article_modified_time":"2025-10-31T10:00:21+00:00","twitter_card":"summary_large_image","twitter_site":"@pw_plock","twitter_misc":{"Szacowany czas czytania":"1 minuta"},"schema":{"@context":"https:\/\/schema.org","@graph":[{"@type":"WebPage","@id":"https:\/\/konferencja.pwplock.edu.pl\/?page_id=280","url":"https:\/\/konferencja.pwplock.edu.pl\/?page_id=280","name":"PATRONI - MI\u0118DZYNARODOWA KONFERENCJA NAUKOWA","isPartOf":{"@id":"https:\/\/konferencja.pwplock.edu.pl\/#website"},"datePublished":"2025-04-16T12:51:50+00:00","dateModified":"2025-10-31T10:00:21+00:00","breadcrumb":{"@id":"https:\/\/konferencja.pwplock.edu.pl\/?page_id=280#breadcrumb"},"inLanguage":"pl-PL","potentialAction":[{"@type":"ReadAction","target":["https:\/\/konferencja.pwplock.edu.pl\/?page_id=280"]}]},{"@type":"BreadcrumbList","@id":"https:\/\/konferencja.pwplock.edu.pl\/?page_id=280#breadcrumb","itemListElement":[{"@type":"ListItem","position":1,"name":"Strona g\u0142\u00f3wna","item":"https:\/\/konferencja.pwplock.edu.pl\/"},{"@type":"ListItem","position":2,"name":"PATRONI"}]},{"@type":"WebSite","@id":"https:\/\/konferencja.pwplock.edu.pl\/#website","url":"https:\/\/konferencja.pwplock.edu.pl\/","name":"MI\u0118DZYNARODOWA KONFERENCJA NAUKOWA","description":"KNEiS - Politechnika Warszawska Filia w P\u0142ocku","publisher":{"@id":"https:\/\/konferencja.pwplock.edu.pl\/#organization"},"alternateName":"KNEiS - Politechnika Warszawska Filia w P\u0142ocku","potentialAction":[{"@type":"SearchAction","target":{"@type":"EntryPoint","urlTemplate":"https:\/\/konferencja.pwplock.edu.pl\/?s={search_term_string}"},"query-input":{"@type":"PropertyValueSpecification","valueRequired":true,"valueName":"search_term_string"}}],"inLanguage":"pl-PL"},{"@type":"Organization","@id":"https:\/\/konferencja.pwplock.edu.pl\/#organization","name":"Politechnika Warszawska Filia w P\u0142ocku","alternateName":"Mi\u0119dzynarodowa Konferencja Naukowa","url":"https:\/\/konferencja.pwplock.edu.pl\/","logo":{"@type":"ImageObject","inLanguage":"pl-PL","@id":"https:\/\/konferencja.pwplock.edu.pl\/#\/schema\/logo\/image\/","url":"https:\/\/konferencja.pwplock.edu.pl\/wp-content\/uploads\/2025\/02\/baner-Kneis-2025-2-1-1024x341-1.png","contentUrl":"https:\/\/konferencja.pwplock.edu.pl\/wp-content\/uploads\/2025\/02\/baner-Kneis-2025-2-1-1024x341-1.png","width":1024,"height":341,"caption":"Politechnika Warszawska Filia w P\u0142ocku"},"image":{"@id":"https:\/\/konferencja.pwplock.edu.pl\/#\/schema\/logo\/image\/"},"sameAs":["https:\/\/www.facebook.com\/politechnika.plock\/?locale=pl_PL","https:\/\/x.com\/pw_plock","https:\/\/www.instagram.com\/knsonda_pwplock\/","https:\/\/www.linkedin.com\/company\/ko\u0142o-naukowe-sonda\/"]}]}},"_links":{"self":[{"href":"https:\/\/konferencja.pwplock.edu.pl\/index.php?rest_route=\/wp\/v2\/pages\/280","targetHints":{"allow":["GET"]}}],"collection":[{"href":"https:\/\/konferencja.pwplock.edu.pl\/index.php?rest_route=\/wp\/v2\/pages"}],"about":[{"href":"https:\/\/konferencja.pwplock.edu.pl\/index.php?rest_route=\/wp\/v2\/types\/page"}],"author":[{"embeddable":true,"href":"https:\/\/konferencja.pwplock.edu.pl\/index.php?rest_route=\/wp\/v2\/users\/2"}],"replies":[{"embeddable":true,"href":"https:\/\/konferencja.pwplock.edu.pl\/index.php?rest_route=%2Fwp%2Fv2%2Fcomments&post=280"}],"version-history":[{"count":19,"href":"https:\/\/konferencja.pwplock.edu.pl\/index.php?rest_route=\/wp\/v2\/pages\/280\/revisions"}],"predecessor-version":[{"id":534,"href":"https:\/\/konferencja.pwplock.edu.pl\/index.php?rest_route=\/wp\/v2\/pages\/280\/revisions\/534"}],"wp:attachment":[{"href":"https:\/\/konferencja.pwplock.edu.pl\/index.php?rest_route=%2Fwp%2Fv2%2Fmedia&parent=280"}],"curies":[{"name":"wp","href":"https:\/\/api.w.org\/{rel}","templated":true}]}}