{"id":204,"date":"2025-04-15T06:27:25","date_gmt":"2025-04-15T06:27:25","guid":{"rendered":"https:\/\/konferencja.pwplock.edu.pl\/?page_id=204"},"modified":"2026-04-14T07:52:27","modified_gmt":"2026-04-14T07:52:27","slug":"rada-programowa","status":"publish","type":"page","link":"https:\/\/konferencja.pwplock.edu.pl\/?page_id=204","title":{"rendered":"RADA PROGRAMOWA"},"content":{"rendered":"\n<p class=\"has-black-color has-text-color has-link-color wp-elements-37723a91079d68d4f8a7d76ae3d2756d\">Ewentualne informacje o zmianach dotycz\u0105cych sk\u0142adu Rady Programowej XIV Mi\u0119dzynarodowej Konferencji Naukowej b\u0119d\u0105 umieszczane na bie\u017c\u0105co.<\/p>\n\n\n\n<ul class=\"wp-block-list\">\n<li>dr hab. Magdalena Kludacz-Alessandri, prof. uczelni, Politechnika Warszawska (Przewodnicz\u0105ca)<\/li>\n\n\n\n<li>dr hab. in\u017c. Marlena Piekut, prof. uczelni, Politechnika Warszawska (Wiceprzewodnicz\u0105ca)<\/li>\n\n\n\n<li>prof. dr hab. in\u017c. Agnieszka Bitkowska, Politechnika Warszawska<\/li>\n\n\n\n<li>dr hab. Nataliia Antoniuk, prof. of National Academy of Management, Kij\u00f3w, Ukraina, Centre for Austrian-Ukrainian Cultural Studies, Graz, Austria<\/li>\n\n\n\n<li>dr hab. Ma\u0142gorzata Cyga\u0144ska, Uniwersytet Warmi\u0144sko-Mazurski w Olsztynie, prof. uczelni<\/li>\n\n\n\n<li>dr hab. in\u017c. Liliana Hawrysz, prof. uczelni, Politechnika Wroc\u0142awska<\/li>\n\n\n\n<li>doc. mgr. ing. Miroslava Knapkov\u00e1, PhD, Matej Bel University, Banska Bystrzyca, Slowacja<\/li>\n\n\n\n<li>dr hab. Leszek Kucharski, prof. uczelni, Uniwersytet \u0141\u00f3dzki<\/li>\n\n\n\n<li>prof. dr hab. Eugeniusz Kwiatkowski, Politechnika Warszawska<\/li>\n\n\n\n<li>dr hab. Magdalena Majchrzak, prof. uczelni, Politechnika Warszawska<\/li>\n\n\n\n<li>prof. Oleksandr Maslak, Lviv Polytechnic National University, Ukraina<\/li>\n\n\n\n<li>dr hab. Marta Nowak, prof. uczelni, Uniwersytet Ekonomiczny we Wroc\u0142awiu<\/li>\n\n\n\n<li>prof. Hacer \u00d6zgen Narci, Istinye University, Turcja<\/li>\n\n\n\n<li>dr hab. Anna Pacian, prof. uczelni, Uniwersytet Medyczny w Lublinie<\/li>\n\n\n\n<li>dr hab. Jolanta Pacian, prof. uczelni, Uniwersytet Medyczny w Lublinie<\/li>\n\n\n\n<li>prof. Yuriy Petrushenko, Sumy State University, Ukraina<\/li>\n\n\n\n<li>prof. Vita Semaniuk, West Ukrainian National University, Ternopil, Ukraina<\/li>\n\n\n\n<li>dr hab. Piotr Szczypa, prof. uczelni, Politechnika Warszawska<\/li>\n\n\n\n<li>prof. Marina Valentukevi\u010dien\u0117, Vilnius Gediminas Technical University, Wilno, Litwa<\/li>\n\n\n\n<li>dr hab. in\u017c. Renata Walczak, prof. uczelni, Politechnika Warszawska<\/li>\n\n\n\n<li>prof. Wei Zhang, Huazhong University of Science and Technology, Chiny<\/li>\n\n\n\n<li>Myroslava Bublyk, Dr Sc (Doctor of Economic Sciences), Professor, Management and International Business Department, Lviv Polytechnic National University, Ukraine<\/li>\n\n\n\n<li>dr Tetiana Maslak, Lviv Polytechnic National University, Ukraina<\/li>\n<\/ul>\n","protected":false},"excerpt":{"rendered":"<p>Ewentualne informacje o zmianach dotycz\u0105cych sk\u0142adu Rady Programowej XIV Mi\u0119dzynarodowej Konferencji Naukowej b\u0119d\u0105 umieszczane na bie\u017c\u0105co.<\/p>\n","protected":false},"author":2,"featured_media":0,"parent":0,"menu_order":0,"comment_status":"closed","ping_status":"closed","template":"","meta":{"footnotes":""},"class_list":["post-204","page","type-page","status-publish","hentry"],"yoast_head":"<!-- This site is optimized with the Yoast SEO plugin v25.0 - https:\/\/yoast.com\/wordpress\/plugins\/seo\/ -->\n<title>RADA PROGRAMOWA - MI\u0118DZYNARODOWA KONFERENCJA NAUKOWA<\/title>\n<meta name=\"description\" content=\"Rada Programowa konferencji naukowej obejmuje naukowc\u00f3w z wieloletnim do\u015bwiadczeniem zdobywanym w renomowanych instytucjach naukowych\" \/>\n<meta name=\"robots\" content=\"index, follow, max-snippet:-1, max-image-preview:large, max-video-preview:-1\" \/>\n<link rel=\"canonical\" href=\"https:\/\/konferencja.pwplock.edu.pl\/?page_id=204\" \/>\n<meta property=\"og:locale\" content=\"pl_PL\" \/>\n<meta property=\"og:type\" content=\"article\" \/>\n<meta property=\"og:title\" content=\"Rada Programowa\" \/>\n<meta property=\"og:description\" content=\"Rada Programowa konferencji naukowej obejmuje naukowc\u00f3w z wieloletnim do\u015bwiadczeniem zdobywanym w renomowanych instytucjach naukowych\" \/>\n<meta property=\"og:url\" content=\"https:\/\/konferencja.pwplock.edu.pl\/?page_id=204\" \/>\n<meta property=\"og:site_name\" content=\"MI\u0118DZYNARODOWA KONFERENCJA NAUKOWA\" \/>\n<meta property=\"article:publisher\" content=\"https:\/\/www.facebook.com\/politechnika.plock\/?locale=pl_PL\" \/>\n<meta property=\"article:modified_time\" content=\"2026-04-14T07:52:27+00:00\" \/>\n<meta name=\"twitter:card\" content=\"summary_large_image\" \/>\n<meta name=\"twitter:site\" content=\"@pw_plock\" \/>\n<meta name=\"twitter:label1\" content=\"Szacowany czas czytania\" \/>\n\t<meta name=\"twitter:data1\" content=\"2 minuty\" \/>\n<script type=\"application\/ld+json\" class=\"yoast-schema-graph\">{\"@context\":\"https:\/\/schema.org\",\"@graph\":[{\"@type\":\"WebPage\",\"@id\":\"https:\/\/konferencja.pwplock.edu.pl\/?page_id=204\",\"url\":\"https:\/\/konferencja.pwplock.edu.pl\/?page_id=204\",\"name\":\"RADA PROGRAMOWA - MI\u0118DZYNARODOWA KONFERENCJA NAUKOWA\",\"isPartOf\":{\"@id\":\"https:\/\/konferencja.pwplock.edu.pl\/#website\"},\"datePublished\":\"2025-04-15T06:27:25+00:00\",\"dateModified\":\"2026-04-14T07:52:27+00:00\",\"description\":\"Rada Programowa konferencji naukowej obejmuje naukowc\u00f3w z wieloletnim do\u015bwiadczeniem zdobywanym w renomowanych instytucjach naukowych\",\"breadcrumb\":{\"@id\":\"https:\/\/konferencja.pwplock.edu.pl\/?page_id=204#breadcrumb\"},\"inLanguage\":\"pl-PL\",\"potentialAction\":[{\"@type\":\"ReadAction\",\"target\":[\"https:\/\/konferencja.pwplock.edu.pl\/?page_id=204\"]}]},{\"@type\":\"BreadcrumbList\",\"@id\":\"https:\/\/konferencja.pwplock.edu.pl\/?page_id=204#breadcrumb\",\"itemListElement\":[{\"@type\":\"ListItem\",\"position\":1,\"name\":\"Strona g\u0142\u00f3wna\",\"item\":\"https:\/\/konferencja.pwplock.edu.pl\/\"},{\"@type\":\"ListItem\",\"position\":2,\"name\":\"RADA PROGRAMOWA\"}]},{\"@type\":\"WebSite\",\"@id\":\"https:\/\/konferencja.pwplock.edu.pl\/#website\",\"url\":\"https:\/\/konferencja.pwplock.edu.pl\/\",\"name\":\"MI\u0118DZYNARODOWA KONFERENCJA NAUKOWA\",\"description\":\"KNEiS - Politechnika Warszawska Filia w P\u0142ocku\",\"publisher\":{\"@id\":\"https:\/\/konferencja.pwplock.edu.pl\/#organization\"},\"alternateName\":\"KNEiS - Politechnika Warszawska Filia w P\u0142ocku\",\"potentialAction\":[{\"@type\":\"SearchAction\",\"target\":{\"@type\":\"EntryPoint\",\"urlTemplate\":\"https:\/\/konferencja.pwplock.edu.pl\/?s={search_term_string}\"},\"query-input\":{\"@type\":\"PropertyValueSpecification\",\"valueRequired\":true,\"valueName\":\"search_term_string\"}}],\"inLanguage\":\"pl-PL\"},{\"@type\":\"Organization\",\"@id\":\"https:\/\/konferencja.pwplock.edu.pl\/#organization\",\"name\":\"Politechnika Warszawska Filia w P\u0142ocku\",\"alternateName\":\"Mi\u0119dzynarodowa Konferencja Naukowa\",\"url\":\"https:\/\/konferencja.pwplock.edu.pl\/\",\"logo\":{\"@type\":\"ImageObject\",\"inLanguage\":\"pl-PL\",\"@id\":\"https:\/\/konferencja.pwplock.edu.pl\/#\/schema\/logo\/image\/\",\"url\":\"https:\/\/konferencja.pwplock.edu.pl\/wp-content\/uploads\/2025\/02\/baner-Kneis-2025-2-1-1024x341-1.png\",\"contentUrl\":\"https:\/\/konferencja.pwplock.edu.pl\/wp-content\/uploads\/2025\/02\/baner-Kneis-2025-2-1-1024x341-1.png\",\"width\":1024,\"height\":341,\"caption\":\"Politechnika Warszawska Filia w P\u0142ocku\"},\"image\":{\"@id\":\"https:\/\/konferencja.pwplock.edu.pl\/#\/schema\/logo\/image\/\"},\"sameAs\":[\"https:\/\/www.facebook.com\/politechnika.plock\/?locale=pl_PL\",\"https:\/\/x.com\/pw_plock\",\"https:\/\/www.instagram.com\/knsonda_pwplock\/\",\"https:\/\/www.linkedin.com\/company\/ko\u0142o-naukowe-sonda\/\"]}]}<\/script>\n<!-- \/ Yoast SEO plugin. -->","yoast_head_json":{"title":"RADA PROGRAMOWA - MI\u0118DZYNARODOWA KONFERENCJA NAUKOWA","description":"Rada Programowa konferencji naukowej obejmuje naukowc\u00f3w z wieloletnim do\u015bwiadczeniem zdobywanym w renomowanych instytucjach naukowych","robots":{"index":"index","follow":"follow","max-snippet":"max-snippet:-1","max-image-preview":"max-image-preview:large","max-video-preview":"max-video-preview:-1"},"canonical":"https:\/\/konferencja.pwplock.edu.pl\/?page_id=204","og_locale":"pl_PL","og_type":"article","og_title":"Rada Programowa","og_description":"Rada Programowa konferencji naukowej obejmuje naukowc\u00f3w z wieloletnim do\u015bwiadczeniem zdobywanym w renomowanych instytucjach naukowych","og_url":"https:\/\/konferencja.pwplock.edu.pl\/?page_id=204","og_site_name":"MI\u0118DZYNARODOWA KONFERENCJA NAUKOWA","article_publisher":"https:\/\/www.facebook.com\/politechnika.plock\/?locale=pl_PL","article_modified_time":"2026-04-14T07:52:27+00:00","twitter_card":"summary_large_image","twitter_site":"@pw_plock","twitter_misc":{"Szacowany czas czytania":"2 minuty"},"schema":{"@context":"https:\/\/schema.org","@graph":[{"@type":"WebPage","@id":"https:\/\/konferencja.pwplock.edu.pl\/?page_id=204","url":"https:\/\/konferencja.pwplock.edu.pl\/?page_id=204","name":"RADA PROGRAMOWA - MI\u0118DZYNARODOWA KONFERENCJA NAUKOWA","isPartOf":{"@id":"https:\/\/konferencja.pwplock.edu.pl\/#website"},"datePublished":"2025-04-15T06:27:25+00:00","dateModified":"2026-04-14T07:52:27+00:00","description":"Rada Programowa konferencji naukowej obejmuje naukowc\u00f3w z wieloletnim do\u015bwiadczeniem zdobywanym w renomowanych instytucjach naukowych","breadcrumb":{"@id":"https:\/\/konferencja.pwplock.edu.pl\/?page_id=204#breadcrumb"},"inLanguage":"pl-PL","potentialAction":[{"@type":"ReadAction","target":["https:\/\/konferencja.pwplock.edu.pl\/?page_id=204"]}]},{"@type":"BreadcrumbList","@id":"https:\/\/konferencja.pwplock.edu.pl\/?page_id=204#breadcrumb","itemListElement":[{"@type":"ListItem","position":1,"name":"Strona g\u0142\u00f3wna","item":"https:\/\/konferencja.pwplock.edu.pl\/"},{"@type":"ListItem","position":2,"name":"RADA PROGRAMOWA"}]},{"@type":"WebSite","@id":"https:\/\/konferencja.pwplock.edu.pl\/#website","url":"https:\/\/konferencja.pwplock.edu.pl\/","name":"MI\u0118DZYNARODOWA KONFERENCJA NAUKOWA","description":"KNEiS - Politechnika Warszawska Filia w P\u0142ocku","publisher":{"@id":"https:\/\/konferencja.pwplock.edu.pl\/#organization"},"alternateName":"KNEiS - Politechnika Warszawska Filia w P\u0142ocku","potentialAction":[{"@type":"SearchAction","target":{"@type":"EntryPoint","urlTemplate":"https:\/\/konferencja.pwplock.edu.pl\/?s={search_term_string}"},"query-input":{"@type":"PropertyValueSpecification","valueRequired":true,"valueName":"search_term_string"}}],"inLanguage":"pl-PL"},{"@type":"Organization","@id":"https:\/\/konferencja.pwplock.edu.pl\/#organization","name":"Politechnika Warszawska Filia w P\u0142ocku","alternateName":"Mi\u0119dzynarodowa Konferencja Naukowa","url":"https:\/\/konferencja.pwplock.edu.pl\/","logo":{"@type":"ImageObject","inLanguage":"pl-PL","@id":"https:\/\/konferencja.pwplock.edu.pl\/#\/schema\/logo\/image\/","url":"https:\/\/konferencja.pwplock.edu.pl\/wp-content\/uploads\/2025\/02\/baner-Kneis-2025-2-1-1024x341-1.png","contentUrl":"https:\/\/konferencja.pwplock.edu.pl\/wp-content\/uploads\/2025\/02\/baner-Kneis-2025-2-1-1024x341-1.png","width":1024,"height":341,"caption":"Politechnika Warszawska Filia w P\u0142ocku"},"image":{"@id":"https:\/\/konferencja.pwplock.edu.pl\/#\/schema\/logo\/image\/"},"sameAs":["https:\/\/www.facebook.com\/politechnika.plock\/?locale=pl_PL","https:\/\/x.com\/pw_plock","https:\/\/www.instagram.com\/knsonda_pwplock\/","https:\/\/www.linkedin.com\/company\/ko\u0142o-naukowe-sonda\/"]}]}},"_links":{"self":[{"href":"https:\/\/konferencja.pwplock.edu.pl\/index.php?rest_route=\/wp\/v2\/pages\/204","targetHints":{"allow":["GET"]}}],"collection":[{"href":"https:\/\/konferencja.pwplock.edu.pl\/index.php?rest_route=\/wp\/v2\/pages"}],"about":[{"href":"https:\/\/konferencja.pwplock.edu.pl\/index.php?rest_route=\/wp\/v2\/types\/page"}],"author":[{"embeddable":true,"href":"https:\/\/konferencja.pwplock.edu.pl\/index.php?rest_route=\/wp\/v2\/users\/2"}],"replies":[{"embeddable":true,"href":"https:\/\/konferencja.pwplock.edu.pl\/index.php?rest_route=%2Fwp%2Fv2%2Fcomments&post=204"}],"version-history":[{"count":12,"href":"https:\/\/konferencja.pwplock.edu.pl\/index.php?rest_route=\/wp\/v2\/pages\/204\/revisions"}],"predecessor-version":[{"id":615,"href":"https:\/\/konferencja.pwplock.edu.pl\/index.php?rest_route=\/wp\/v2\/pages\/204\/revisions\/615"}],"wp:attachment":[{"href":"https:\/\/konferencja.pwplock.edu.pl\/index.php?rest_route=%2Fwp%2Fv2%2Fmedia&parent=204"}],"curies":[{"name":"wp","href":"https:\/\/api.w.org\/{rel}","templated":true}]}}