{"id":122,"date":"2025-02-21T07:42:41","date_gmt":"2025-02-21T07:42:41","guid":{"rendered":"https:\/\/konferencja.pwplock.edu.pl\/?page_id=122"},"modified":"2026-02-18T10:18:28","modified_gmt":"2026-02-18T10:18:28","slug":"rejestracja","status":"publish","type":"page","link":"https:\/\/konferencja.pwplock.edu.pl\/?page_id=122","title":{"rendered":"Rejestracja"},"content":{"rendered":"<div class=\"single-content\">\n<div class=\"single-entry-summary\">\n<p class=\"has-black-color has-text-color has-link-color wp-elements-4f92eb73f0bd2f5d9b62a9a500a51298\"><span style=\"font-size: revert;\">Zapraszamy do udzia\u0142u w XIV Mi\u0119dzynarodowej Konferencji Naukowej \u201eWsp\u00f3\u0142czesne problemy rozwoju gospodarczego \u2013 Organizacje i ludzie w czasach zmian\u201d, kt\u00f3ra odb\u0119dzie si\u0119 29 maja 2026 r. w formie online. Rejestracja na wydarzenie nie powinna zaj\u0105\u0107 wi\u0119cej ni\u017c kilka minut. <\/span><span style=\"font-size: revert;\">Rejestracja na XIV Mi\u0119dzynarodow\u0105 Konferencj\u0119 Naukow\u0105 odbywa si\u0119 za pomoc\u0105 formularza dost\u0119pnego na:<\/span><\/p>\n<\/div>\n<\/div>\n\n<div class=\"wp-block-image\">\n<figure class=\"aligncenter size-full\"><img fetchpriority=\"high\" decoding=\"async\" width=\"300\" height=\"309\" src=\"https:\/\/konferencja.pwplock.edu.pl\/wp-content\/uploads\/2026\/01\/Zrzut-ekranu-2026-01-23-185807.png\" alt=\"\" class=\"wp-image-555\" srcset=\"https:\/\/konferencja.pwplock.edu.pl\/wp-content\/uploads\/2026\/01\/Zrzut-ekranu-2026-01-23-185807.png 300w, https:\/\/konferencja.pwplock.edu.pl\/wp-content\/uploads\/2026\/01\/Zrzut-ekranu-2026-01-23-185807-291x300.png 291w\" sizes=\"(max-width: 300px) 100vw, 300px\" \/><\/figure>\n<\/div>\n\n\n\n\n<p class=\"has-black-color has-text-color has-link-color wp-elements-15b8555a3e3fe8b40c61838ea568e673\">Formularz rejestracji w j\u0119zyku polskim (<a href=\"https:\/\/forms.office.com\/e\/3nFueJibMK\">link<\/a>)<\/p>\n\n\n<div class=\"wp-block-image\">\n<figure class=\"aligncenter size-full\"><img decoding=\"async\" width=\"301\" height=\"309\" src=\"https:\/\/konferencja.pwplock.edu.pl\/wp-content\/uploads\/2026\/01\/Zrzut-ekranu-2026-01-23-190824.png\" alt=\"\" class=\"wp-image-556\" srcset=\"https:\/\/konferencja.pwplock.edu.pl\/wp-content\/uploads\/2026\/01\/Zrzut-ekranu-2026-01-23-190824.png 301w, https:\/\/konferencja.pwplock.edu.pl\/wp-content\/uploads\/2026\/01\/Zrzut-ekranu-2026-01-23-190824-292x300.png 292w\" sizes=\"(max-width: 301px) 100vw, 301px\" \/><\/figure>\n<\/div>\n\n\n<p class=\"has-black-color has-text-color has-link-color wp-elements-3f3bc047e48359343a7ce0d5f4fb84fd\">Formularz rejestracji w j\u0119zyku angielskim (<a href=\"https:\/\/forms.office.com\/e\/X1vbckJsrH\">link<\/a>)<\/p>\n\n\n\n<p class=\"has-black-color has-text-color has-link-color wp-elements-6b77cc182a7908b77fe99e6dfe9c5db4\"><strong>Terminarz:<\/strong><\/p>\n\n\n\n<p>Zg\u0142oszenie uczestnictwa \u2013 do 17.05.2026 (rejestracja on-line)<\/p>\n\n\n\n<p>Przes\u0142anie artyku\u0142u do Monografii pokonferencyjnej \u2013 5.06.2026<\/p>\n\n\n\n<p class=\"has-black-color has-text-color has-link-color wp-elements-65666edb4057a97e878229420067f746\"><strong>Konferencja naukowa \u2013 w jakim j\u0119zyku mo\u017cna prezentowa\u0107 swoje badania?<\/strong><\/p>\n\n\n\n<p class=\"has-black-color has-text-color has-link-color wp-elements-b1f1b4b24a119f1d3bcbe61a407e04e2\">Prezentacje konferencyjne oraz artyku\u0142y naukowe nale\u017cy przygotowa\u0107 w j\u0119zyku polskim lub angielskim. Linki do sesji na MS Teams (preferujemy logowanie poprzez kalendarz na MS Teams) udost\u0119pnimy na kilka dni przed konferencj\u0105.<\/p>\n","protected":false},"excerpt":{"rendered":"<p>Zapraszamy do udzia\u0142u w XIV Mi\u0119dzynarodowej Konferencji Naukowej \u201eWsp\u00f3\u0142czesne problemy rozwoju gospodarczego \u2013 Organizacje i ludzie w czasach zmian\u201d, kt\u00f3ra odb\u0119dzie si\u0119 29 maja 2026 r. w formie online. Rejestracja na wydarzenie nie powinna zaj\u0105\u0107 wi\u0119cej ni\u017c kilka minut. Rejestracja na XIV Mi\u0119dzynarodow\u0105 Konferencj\u0119 Naukow\u0105 odbywa si\u0119 za pomoc\u0105 formularza dost\u0119pnego na: Formularz rejestracji w&hellip;<\/p>\n","protected":false},"author":1,"featured_media":0,"parent":0,"menu_order":0,"comment_status":"closed","ping_status":"closed","template":"","meta":{"footnotes":""},"class_list":["post-122","page","type-page","status-publish","hentry"],"yoast_head":"<!-- This site is optimized with the Yoast SEO plugin v25.0 - https:\/\/yoast.com\/wordpress\/plugins\/seo\/ -->\n<title>Rejestracja - MI\u0118DZYNARODOWA KONFERENCJA NAUKOWA<\/title>\n<meta name=\"description\" content=\"Rejestracja na XIII Mi\u0119dzynarodow\u0105 Konferencj\u0119 Naukow\u0105 &quot;Wsp\u00f3\u0142czesne Problemy Rozwoju gospodarczego&quot; odbywa si\u0119 online, za pomoc\u0105 MS Forms\" \/>\n<meta name=\"robots\" content=\"index, follow, max-snippet:-1, max-image-preview:large, max-video-preview:-1\" \/>\n<link rel=\"canonical\" href=\"https:\/\/konferencja.pwplock.edu.pl\/?page_id=122\" \/>\n<meta property=\"og:locale\" content=\"pl_PL\" \/>\n<meta property=\"og:type\" content=\"article\" \/>\n<meta property=\"og:title\" content=\"Rejestracja - MI\u0118DZYNARODOWA KONFERENCJA NAUKOWA\" \/>\n<meta property=\"og:description\" content=\"Rejestracja na XIII Mi\u0119dzynarodow\u0105 Konferencj\u0119 Naukow\u0105 &quot;Wsp\u00f3\u0142czesne Problemy Rozwoju gospodarczego&quot; odbywa si\u0119 online, za pomoc\u0105 MS Forms\" \/>\n<meta property=\"og:url\" content=\"https:\/\/konferencja.pwplock.edu.pl\/?page_id=122\" \/>\n<meta property=\"og:site_name\" content=\"MI\u0118DZYNARODOWA KONFERENCJA NAUKOWA\" \/>\n<meta property=\"article:publisher\" content=\"https:\/\/www.facebook.com\/politechnika.plock\/?locale=pl_PL\" \/>\n<meta property=\"article:modified_time\" content=\"2026-02-18T10:18:28+00:00\" \/>\n<meta property=\"og:image\" content=\"https:\/\/konferencja.pwplock.edu.pl\/wp-content\/uploads\/2026\/01\/Zrzut-ekranu-2026-01-23-185807.png\" \/>\n\t<meta property=\"og:image:width\" content=\"300\" \/>\n\t<meta property=\"og:image:height\" content=\"309\" \/>\n\t<meta property=\"og:image:type\" content=\"image\/png\" \/>\n<meta name=\"twitter:card\" content=\"summary_large_image\" \/>\n<meta name=\"twitter:site\" content=\"@pw_plock\" \/>\n<meta name=\"twitter:label1\" content=\"Szacowany czas czytania\" \/>\n\t<meta name=\"twitter:data1\" content=\"2 minuty\" \/>\n<script type=\"application\/ld+json\" class=\"yoast-schema-graph\">{\"@context\":\"https:\/\/schema.org\",\"@graph\":[{\"@type\":\"WebPage\",\"@id\":\"https:\/\/konferencja.pwplock.edu.pl\/?page_id=122\",\"url\":\"https:\/\/konferencja.pwplock.edu.pl\/?page_id=122\",\"name\":\"Rejestracja - MI\u0118DZYNARODOWA KONFERENCJA NAUKOWA\",\"isPartOf\":{\"@id\":\"https:\/\/konferencja.pwplock.edu.pl\/#website\"},\"primaryImageOfPage\":{\"@id\":\"https:\/\/konferencja.pwplock.edu.pl\/?page_id=122#primaryimage\"},\"image\":{\"@id\":\"https:\/\/konferencja.pwplock.edu.pl\/?page_id=122#primaryimage\"},\"thumbnailUrl\":\"https:\/\/konferencja.pwplock.edu.pl\/wp-content\/uploads\/2026\/01\/Zrzut-ekranu-2026-01-23-185807.png\",\"datePublished\":\"2025-02-21T07:42:41+00:00\",\"dateModified\":\"2026-02-18T10:18:28+00:00\",\"description\":\"Rejestracja na XIII Mi\u0119dzynarodow\u0105 Konferencj\u0119 Naukow\u0105 \\\"Wsp\u00f3\u0142czesne Problemy Rozwoju gospodarczego\\\" odbywa si\u0119 online, za pomoc\u0105 MS Forms\",\"breadcrumb\":{\"@id\":\"https:\/\/konferencja.pwplock.edu.pl\/?page_id=122#breadcrumb\"},\"inLanguage\":\"pl-PL\",\"potentialAction\":[{\"@type\":\"ReadAction\",\"target\":[\"https:\/\/konferencja.pwplock.edu.pl\/?page_id=122\"]}]},{\"@type\":\"ImageObject\",\"inLanguage\":\"pl-PL\",\"@id\":\"https:\/\/konferencja.pwplock.edu.pl\/?page_id=122#primaryimage\",\"url\":\"https:\/\/konferencja.pwplock.edu.pl\/wp-content\/uploads\/2026\/01\/Zrzut-ekranu-2026-01-23-185807.png\",\"contentUrl\":\"https:\/\/konferencja.pwplock.edu.pl\/wp-content\/uploads\/2026\/01\/Zrzut-ekranu-2026-01-23-185807.png\",\"width\":300,\"height\":309},{\"@type\":\"BreadcrumbList\",\"@id\":\"https:\/\/konferencja.pwplock.edu.pl\/?page_id=122#breadcrumb\",\"itemListElement\":[{\"@type\":\"ListItem\",\"position\":1,\"name\":\"Strona g\u0142\u00f3wna\",\"item\":\"https:\/\/konferencja.pwplock.edu.pl\/\"},{\"@type\":\"ListItem\",\"position\":2,\"name\":\"Rejestracja\"}]},{\"@type\":\"WebSite\",\"@id\":\"https:\/\/konferencja.pwplock.edu.pl\/#website\",\"url\":\"https:\/\/konferencja.pwplock.edu.pl\/\",\"name\":\"MI\u0118DZYNARODOWA KONFERENCJA NAUKOWA\",\"description\":\"KNEiS - Politechnika Warszawska Filia w P\u0142ocku\",\"publisher\":{\"@id\":\"https:\/\/konferencja.pwplock.edu.pl\/#organization\"},\"alternateName\":\"KNEiS - Politechnika Warszawska Filia w P\u0142ocku\",\"potentialAction\":[{\"@type\":\"SearchAction\",\"target\":{\"@type\":\"EntryPoint\",\"urlTemplate\":\"https:\/\/konferencja.pwplock.edu.pl\/?s={search_term_string}\"},\"query-input\":{\"@type\":\"PropertyValueSpecification\",\"valueRequired\":true,\"valueName\":\"search_term_string\"}}],\"inLanguage\":\"pl-PL\"},{\"@type\":\"Organization\",\"@id\":\"https:\/\/konferencja.pwplock.edu.pl\/#organization\",\"name\":\"Politechnika Warszawska Filia w P\u0142ocku\",\"alternateName\":\"Mi\u0119dzynarodowa Konferencja Naukowa\",\"url\":\"https:\/\/konferencja.pwplock.edu.pl\/\",\"logo\":{\"@type\":\"ImageObject\",\"inLanguage\":\"pl-PL\",\"@id\":\"https:\/\/konferencja.pwplock.edu.pl\/#\/schema\/logo\/image\/\",\"url\":\"https:\/\/konferencja.pwplock.edu.pl\/wp-content\/uploads\/2025\/02\/baner-Kneis-2025-2-1-1024x341-1.png\",\"contentUrl\":\"https:\/\/konferencja.pwplock.edu.pl\/wp-content\/uploads\/2025\/02\/baner-Kneis-2025-2-1-1024x341-1.png\",\"width\":1024,\"height\":341,\"caption\":\"Politechnika Warszawska Filia w P\u0142ocku\"},\"image\":{\"@id\":\"https:\/\/konferencja.pwplock.edu.pl\/#\/schema\/logo\/image\/\"},\"sameAs\":[\"https:\/\/www.facebook.com\/politechnika.plock\/?locale=pl_PL\",\"https:\/\/x.com\/pw_plock\",\"https:\/\/www.instagram.com\/knsonda_pwplock\/\",\"https:\/\/www.linkedin.com\/company\/ko\u0142o-naukowe-sonda\/\"]}]}<\/script>\n<!-- \/ Yoast SEO plugin. -->","yoast_head_json":{"title":"Rejestracja - MI\u0118DZYNARODOWA KONFERENCJA NAUKOWA","description":"Rejestracja na XIII Mi\u0119dzynarodow\u0105 Konferencj\u0119 Naukow\u0105 \"Wsp\u00f3\u0142czesne Problemy Rozwoju gospodarczego\" odbywa si\u0119 online, za pomoc\u0105 MS Forms","robots":{"index":"index","follow":"follow","max-snippet":"max-snippet:-1","max-image-preview":"max-image-preview:large","max-video-preview":"max-video-preview:-1"},"canonical":"https:\/\/konferencja.pwplock.edu.pl\/?page_id=122","og_locale":"pl_PL","og_type":"article","og_title":"Rejestracja - MI\u0118DZYNARODOWA KONFERENCJA NAUKOWA","og_description":"Rejestracja na XIII Mi\u0119dzynarodow\u0105 Konferencj\u0119 Naukow\u0105 \"Wsp\u00f3\u0142czesne Problemy Rozwoju gospodarczego\" odbywa si\u0119 online, za pomoc\u0105 MS Forms","og_url":"https:\/\/konferencja.pwplock.edu.pl\/?page_id=122","og_site_name":"MI\u0118DZYNARODOWA KONFERENCJA NAUKOWA","article_publisher":"https:\/\/www.facebook.com\/politechnika.plock\/?locale=pl_PL","article_modified_time":"2026-02-18T10:18:28+00:00","og_image":[{"width":300,"height":309,"url":"https:\/\/konferencja.pwplock.edu.pl\/wp-content\/uploads\/2026\/01\/Zrzut-ekranu-2026-01-23-185807.png","type":"image\/png"}],"twitter_card":"summary_large_image","twitter_site":"@pw_plock","twitter_misc":{"Szacowany czas czytania":"2 minuty"},"schema":{"@context":"https:\/\/schema.org","@graph":[{"@type":"WebPage","@id":"https:\/\/konferencja.pwplock.edu.pl\/?page_id=122","url":"https:\/\/konferencja.pwplock.edu.pl\/?page_id=122","name":"Rejestracja - MI\u0118DZYNARODOWA KONFERENCJA NAUKOWA","isPartOf":{"@id":"https:\/\/konferencja.pwplock.edu.pl\/#website"},"primaryImageOfPage":{"@id":"https:\/\/konferencja.pwplock.edu.pl\/?page_id=122#primaryimage"},"image":{"@id":"https:\/\/konferencja.pwplock.edu.pl\/?page_id=122#primaryimage"},"thumbnailUrl":"https:\/\/konferencja.pwplock.edu.pl\/wp-content\/uploads\/2026\/01\/Zrzut-ekranu-2026-01-23-185807.png","datePublished":"2025-02-21T07:42:41+00:00","dateModified":"2026-02-18T10:18:28+00:00","description":"Rejestracja na XIII Mi\u0119dzynarodow\u0105 Konferencj\u0119 Naukow\u0105 \"Wsp\u00f3\u0142czesne Problemy Rozwoju gospodarczego\" odbywa si\u0119 online, za pomoc\u0105 MS Forms","breadcrumb":{"@id":"https:\/\/konferencja.pwplock.edu.pl\/?page_id=122#breadcrumb"},"inLanguage":"pl-PL","potentialAction":[{"@type":"ReadAction","target":["https:\/\/konferencja.pwplock.edu.pl\/?page_id=122"]}]},{"@type":"ImageObject","inLanguage":"pl-PL","@id":"https:\/\/konferencja.pwplock.edu.pl\/?page_id=122#primaryimage","url":"https:\/\/konferencja.pwplock.edu.pl\/wp-content\/uploads\/2026\/01\/Zrzut-ekranu-2026-01-23-185807.png","contentUrl":"https:\/\/konferencja.pwplock.edu.pl\/wp-content\/uploads\/2026\/01\/Zrzut-ekranu-2026-01-23-185807.png","width":300,"height":309},{"@type":"BreadcrumbList","@id":"https:\/\/konferencja.pwplock.edu.pl\/?page_id=122#breadcrumb","itemListElement":[{"@type":"ListItem","position":1,"name":"Strona g\u0142\u00f3wna","item":"https:\/\/konferencja.pwplock.edu.pl\/"},{"@type":"ListItem","position":2,"name":"Rejestracja"}]},{"@type":"WebSite","@id":"https:\/\/konferencja.pwplock.edu.pl\/#website","url":"https:\/\/konferencja.pwplock.edu.pl\/","name":"MI\u0118DZYNARODOWA KONFERENCJA NAUKOWA","description":"KNEiS - Politechnika Warszawska Filia w P\u0142ocku","publisher":{"@id":"https:\/\/konferencja.pwplock.edu.pl\/#organization"},"alternateName":"KNEiS - Politechnika Warszawska Filia w P\u0142ocku","potentialAction":[{"@type":"SearchAction","target":{"@type":"EntryPoint","urlTemplate":"https:\/\/konferencja.pwplock.edu.pl\/?s={search_term_string}"},"query-input":{"@type":"PropertyValueSpecification","valueRequired":true,"valueName":"search_term_string"}}],"inLanguage":"pl-PL"},{"@type":"Organization","@id":"https:\/\/konferencja.pwplock.edu.pl\/#organization","name":"Politechnika Warszawska Filia w P\u0142ocku","alternateName":"Mi\u0119dzynarodowa Konferencja Naukowa","url":"https:\/\/konferencja.pwplock.edu.pl\/","logo":{"@type":"ImageObject","inLanguage":"pl-PL","@id":"https:\/\/konferencja.pwplock.edu.pl\/#\/schema\/logo\/image\/","url":"https:\/\/konferencja.pwplock.edu.pl\/wp-content\/uploads\/2025\/02\/baner-Kneis-2025-2-1-1024x341-1.png","contentUrl":"https:\/\/konferencja.pwplock.edu.pl\/wp-content\/uploads\/2025\/02\/baner-Kneis-2025-2-1-1024x341-1.png","width":1024,"height":341,"caption":"Politechnika Warszawska Filia w P\u0142ocku"},"image":{"@id":"https:\/\/konferencja.pwplock.edu.pl\/#\/schema\/logo\/image\/"},"sameAs":["https:\/\/www.facebook.com\/politechnika.plock\/?locale=pl_PL","https:\/\/x.com\/pw_plock","https:\/\/www.instagram.com\/knsonda_pwplock\/","https:\/\/www.linkedin.com\/company\/ko\u0142o-naukowe-sonda\/"]}]}},"_links":{"self":[{"href":"https:\/\/konferencja.pwplock.edu.pl\/index.php?rest_route=\/wp\/v2\/pages\/122","targetHints":{"allow":["GET"]}}],"collection":[{"href":"https:\/\/konferencja.pwplock.edu.pl\/index.php?rest_route=\/wp\/v2\/pages"}],"about":[{"href":"https:\/\/konferencja.pwplock.edu.pl\/index.php?rest_route=\/wp\/v2\/types\/page"}],"author":[{"embeddable":true,"href":"https:\/\/konferencja.pwplock.edu.pl\/index.php?rest_route=\/wp\/v2\/users\/1"}],"replies":[{"embeddable":true,"href":"https:\/\/konferencja.pwplock.edu.pl\/index.php?rest_route=%2Fwp%2Fv2%2Fcomments&post=122"}],"version-history":[{"count":18,"href":"https:\/\/konferencja.pwplock.edu.pl\/index.php?rest_route=\/wp\/v2\/pages\/122\/revisions"}],"predecessor-version":[{"id":567,"href":"https:\/\/konferencja.pwplock.edu.pl\/index.php?rest_route=\/wp\/v2\/pages\/122\/revisions\/567"}],"wp:attachment":[{"href":"https:\/\/konferencja.pwplock.edu.pl\/index.php?rest_route=%2Fwp%2Fv2%2Fmedia&parent=122"}],"curies":[{"name":"wp","href":"https:\/\/api.w.org\/{rel}","templated":true}]}}