{"id":110,"date":"2025-02-21T07:37:51","date_gmt":"2025-02-21T07:37:51","guid":{"rendered":"https:\/\/konferencja.pwplock.edu.pl\/?page_id=110"},"modified":"2025-10-31T07:31:45","modified_gmt":"2025-10-31T07:31:45","slug":"x-miedzynarodowa-konferencja-naukowa","status":"publish","type":"page","link":"https:\/\/konferencja.pwplock.edu.pl\/?page_id=110","title":{"rendered":"X Mi\u0119dzynarodowa Konferencja Naukowa"},"content":{"rendered":"\t\t<div data-elementor-type=\"wp-page\" data-elementor-id=\"110\" class=\"elementor elementor-110\">\n\t\t\t\t<div class=\"elementor-element elementor-element-50c7140 e-flex e-con-boxed e-con e-parent\" data-id=\"50c7140\" data-element_type=\"container\">\n\t\t\t\t\t<div class=\"e-con-inner\">\n\t\t\t\t<div class=\"elementor-element elementor-element-37bb9b6 elementor-widget elementor-widget-text-editor\" data-id=\"37bb9b6\" data-element_type=\"widget\" data-widget_type=\"text-editor.default\">\n\t\t\t\t<div class=\"elementor-widget-container\">\n\t\t\t\t\t\t\t\t\t<div class=\"attribute-short\"><p>9 maja 2022 r. w Politechnice Warszawskiej Filii w P\u0142ocku odby\u0142a si\u0119 X Mi\u0119dzynarodowa Konferencja Naukowa \u201eContemporary problems of economic development \u2013 Sustainable development<i>\u201d\u00a0<\/i>zorganizowana przez Kolegium Nauk Ekonomicznych i Spo\u0142ecznych.<\/p><\/div><div class=\"attribute-long\"><p class=\" text-justify\">Konferencja odby\u0142a si\u0119 w trybie hybrydowym. Otwarcia konferencji dokona\u0142y Prorektor Politechniki Warszawskiej prof. dr hab. in\u017c. Renata Walczak oraz Dyrektor KNEiS prof. dr hab. Magdalena Kludacz-Alessandri.<\/p><div class=\"\"><div class=\"content-view-embed\"><div class=\"class-image\"><div class=\"attribute-image\"><a title=\"Konferencja KNEiS 2022 (2)\" href=\"https:\/\/www.pw.plock.pl\/var\/wwwglowna\/storage\/images\/media\/images\/konferencja-kneis-2022-2\/72185-1-pol-PL\/Konferencja-KNEiS-2022-2.png\" rel=\"prettyphoto\"> <img fetchpriority=\"high\" decoding=\"async\" title=\"Konferencja KNEiS 2022 (2)\" src=\"https:\/\/www.pw.plock.pl\/var\/wwwglowna\/storage\/images\/media\/images\/konferencja-kneis-2022-2\/72185-1-pol-PL\/Konferencja-KNEiS-2022-2.png\" alt=\"Konferencja KNEiS 2022 (2)\" width=\"585\" height=\"389\" \/> <\/a><\/div><\/div><\/div><\/div><p class=\" text-justify\">Panel g\u0142\u00f3wny poprowadzi\u0142a Pani prof. dr hab. Magdalena Kludacz-Alessandri. Wyk\u0142ad Zr\u00f3wnowa\u017cenie jako strategiczne podej\u015bcie w rozwi\u0105zywaniu problem\u00f3w rozwoju ekonomicznego (Sustainability as a strategic approach in solving problems of economic dervelopment) wyg\u0142osi\u0142a Pani prof. Katarzyna <b><i>Duczkowska-Ma\u0142ysz z Politechniki Warszawskiej.<\/i><\/b><\/p><div class=\"\"><div class=\"content-view-embed\"><div class=\"class-image\"><div class=\"attribute-image\"><a title=\"Konferencja KNEiS 2022 (6)\" href=\"https:\/\/www.pw.plock.pl\/var\/wwwglowna\/storage\/images\/media\/images\/konferencja-kneis-2022-6\/72189-1-pol-PL\/Konferencja-KNEiS-2022-6.jpg\" rel=\"prettyphoto\"> <img decoding=\"async\" title=\"Konferencja KNEiS 2022 (6)\" src=\"https:\/\/www.pw.plock.pl\/var\/wwwglowna\/storage\/images\/media\/images\/konferencja-kneis-2022-6\/72189-1-pol-PL\/Konferencja-KNEiS-2022-6.jpg\" alt=\"Konferencja KNEiS 2022 (6)\" width=\"585\" height=\"389\" \/> <\/a><\/div><\/div><\/div><\/div><p class=\" text-justify\">Moderatorami paneli naukowych byli: dr hab. Piotr Urbanek, dr Magdalena Grabowska oraz dr Magdalena Kapela. W dyskusj\u0119 na temat zr\u00f3wnowa\u017conego rozwoju w\u0142\u0105czyli si\u0119 naukowcy i m\u0142odzi badacze. W konferencji udzia\u0142 wzi\u0119li mi\u0119dzy innymi Prelegenci z:<\/p><p>Olabisi Onabanjo University, Nigeria;<\/p><p>Vilnius Gediminas Technical University, Lithuania;<\/p><p>Rivne Regional Institute of Postgraduate Education, Ukraine;<\/p><p>University of Urbino, Italy;<\/p><p>Technical University od Liberec, Czech Republic;<\/p><p>New York University Abu Dhabi;<\/p><p>Uniwersytetu \u0141\u00f3dzkiego;<\/p><p>Uniwersytetu Medycznego w Lublinie;<\/p><p>Uniwersytetu Marii Curie Sk\u0142odowskiej z Lublina;<\/p><p>Pa\u0144stwowej Uczelni im. S. Batorego w Skierniewicach;<\/p><p>Politechniki Bydgoskiej;<\/p><p>Politechniki Warszawskiej.<\/p><p class=\" text-justify\">W czasie ka\u017cdego panelu naukowego by\u0142a mo\u017cliwo\u015b\u0107 dyskusji. Wszystkie wyst\u0105pienia przygotowane by\u0142y profesjonalnie i wzbudzi\u0142y zainteresowanie w\u015br\u00f3d s\u0142uchaczy. Dyskusja dotyczy\u0142a problem\u00f3w zwi\u0105zanych ze zr\u00f3wnowa\u017conym rozwojem i wielu wsp\u00f3\u0142czesnych wyzwa\u0144 gospodarczych, w tym wp\u0142ywu wojny w Ukrainie na \u015bwiatow\u0105 gospodark\u0119.<\/p><div class=\"\"><div class=\"content-view-embed\"><div class=\"class-image\"><div class=\"attribute-image\"><a title=\"Konferencja KNEiS 2022 (3)\" href=\"https:\/\/www.pw.plock.pl\/var\/wwwglowna\/storage\/images\/media\/images\/konferencja-kneis-2022-3\/72193-1-pol-PL\/Konferencja-KNEiS-2022-3.png\" rel=\"prettyphoto\"> <img decoding=\"async\" title=\"Konferencja KNEiS 2022 (3)\" src=\"https:\/\/www.pw.plock.pl\/var\/wwwglowna\/storage\/images\/media\/images\/konferencja-kneis-2022-3\/72193-1-pol-PL\/Konferencja-KNEiS-2022-3.png\" alt=\"Konferencja KNEiS 2022 (3)\" width=\"585\" height=\"389\" \/> <\/a><\/div><\/div><\/div><\/div><p class=\" text-justify\">W\u015br\u00f3d pracownik\u00f3w Kolegium Nauk Ekonomicznych i Spo\u0142ecznych swoje osi\u0105gni\u0119cia badawcze zaprezentowali:<\/p><p><i>prof. dr hab. Eugeniusz Kwiatkowski, dr Agnieszka Krz\u0119towska &#8211; <\/i>Wydajno\u015b\u0107 pracy w polskich wojew\u00f3dztwach i ich determinanty w latach 2010-2020 (Labor productivity in Polish voivodships and their determinants in 2010-2020);<\/p><p><i>dr hab. in\u017c. Karol Pra\u0142at, dr Artur Koper, dr Justyna Ciemnicka oraz Roberto Ercoli (<\/i><i>University of Urbino, Italy), <\/i><i>Katarzyna Buczkowska (Technical University od Liberec, Czech Republic)<\/i><i>&#8211; <\/i>Wykorzystanie odpad\u00f3w aluminiowych do wytwarzania innowacyjnych materia\u0142\u00f3w geopolimerowych jako odpowied\u017a na realizacj\u0119 zr\u00f3wnowa\u017conego rozwoju (The use of aluminum waste to produce innovative geopolymeric materials as a response to the implementation of sustainable development);<\/p><p><i>dr hab. Piotr Urbanek &#8211; <\/i>Kodeksy dobrych praktyk jako narz\u0119dzie \u0142adu akademickiego (Codes of Governance as an Academic Governance Standard);<\/p><p><i>dr Ma\u0142gorzata Schulz &#8211; <\/i>Polityka migracyjna narz\u0119dziem wspomagaj\u0105cym przedsi\u0119biorstwa w kryzysie demograficznym (Migration policy as a tool supporting enterprises in the demographic crisis);<\/p><p><i>dr Anna St\u0119pniak-Kucharska &#8211;<\/i> Walka z ub\u00f3stwem jako jeden z cel\u00f3w zr\u00f3wnowa\u017conego rozwoju \u2013 realizacja w Polsce (Fighting poverty as one of the goals of sustainable development &#8211; implemented in Poland);<\/p><p><i>mgr Wioletta Pomaranik &#8211; <\/i>Zarz\u0105dzanie zasobami ludzkimi w polskich szpitalach (Human resource management in Polish hospitals)<\/p><p>oraz Studenci KNES:<\/p><p><i>Gabriel Banasiuk &#8211;<\/i> Klimat inwestycyjny \u2013 Polska a \u015bwiat;<\/p><p><i>Agata Wernik <b>&#8211;<\/b><\/i> Problemy rozwojowe polskich ma\u0142ych przedsi\u0119biorstw.<\/p><\/div>\t\t\t\t\t\t\t\t<\/div>\n\t\t\t\t<\/div>\n\t\t\t\t\t<\/div>\n\t\t\t\t<\/div>\n\t\t\t\t<\/div>\n\t\t","protected":false},"excerpt":{"rendered":"<p>9 maja 2022 r. w Politechnice Warszawskiej Filii w P\u0142ocku odby\u0142a si\u0119 X Mi\u0119dzynarodowa Konferencja Naukowa \u201eContemporary problems of economic development \u2013 Sustainable development\u201d\u00a0zorganizowana przez Kolegium Nauk Ekonomicznych i Spo\u0142ecznych. Konferencja odby\u0142a si\u0119 w trybie hybrydowym. Otwarcia konferencji dokona\u0142y Prorektor Politechniki Warszawskiej prof. dr hab. in\u017c. Renata Walczak oraz Dyrektor KNEiS prof. dr hab. Magdalena&hellip;<\/p>\n","protected":false},"author":1,"featured_media":0,"parent":0,"menu_order":0,"comment_status":"closed","ping_status":"closed","template":"","meta":{"footnotes":""},"class_list":["post-110","page","type-page","status-publish","hentry"],"yoast_head":"<!-- This site is optimized with the Yoast SEO plugin v25.0 - https:\/\/yoast.com\/wordpress\/plugins\/seo\/ -->\n<title>X Mi\u0119dzynarodowa Konferencja Naukowa - MI\u0118DZYNARODOWA KONFERENCJA NAUKOWA<\/title>\n<meta name=\"robots\" content=\"index, follow, max-snippet:-1, max-image-preview:large, max-video-preview:-1\" \/>\n<link rel=\"canonical\" href=\"https:\/\/konferencja.pwplock.edu.pl\/?page_id=110\" \/>\n<meta property=\"og:locale\" content=\"pl_PL\" \/>\n<meta property=\"og:type\" content=\"article\" \/>\n<meta property=\"og:title\" content=\"X Mi\u0119dzynarodowa Konferencja Naukowa - MI\u0118DZYNARODOWA KONFERENCJA NAUKOWA\" \/>\n<meta property=\"og:description\" content=\"9 maja 2022 r. w Politechnice Warszawskiej Filii w P\u0142ocku odby\u0142a si\u0119 X Mi\u0119dzynarodowa Konferencja Naukowa \u201eContemporary problems of economic development \u2013 Sustainable development\u201d\u00a0zorganizowana przez Kolegium Nauk Ekonomicznych i Spo\u0142ecznych. Konferencja odby\u0142a si\u0119 w trybie hybrydowym. Otwarcia konferencji dokona\u0142y Prorektor Politechniki Warszawskiej prof. dr hab. in\u017c. Renata Walczak oraz Dyrektor KNEiS prof. dr hab. Magdalena&hellip;\" \/>\n<meta property=\"og:url\" content=\"https:\/\/konferencja.pwplock.edu.pl\/?page_id=110\" \/>\n<meta property=\"og:site_name\" content=\"MI\u0118DZYNARODOWA KONFERENCJA NAUKOWA\" \/>\n<meta property=\"article:publisher\" content=\"https:\/\/www.facebook.com\/politechnika.plock\/?locale=pl_PL\" \/>\n<meta property=\"article:modified_time\" content=\"2025-10-31T07:31:45+00:00\" \/>\n<meta property=\"og:image\" content=\"https:\/\/www.pw.plock.pl\/var\/wwwglowna\/storage\/images\/media\/images\/konferencja-kneis-2022-2\/72185-1-pol-PL\/Konferencja-KNEiS-2022-2.png\" \/>\n<meta name=\"twitter:card\" content=\"summary_large_image\" \/>\n<meta name=\"twitter:site\" content=\"@pw_plock\" \/>\n<meta name=\"twitter:label1\" content=\"Szacowany czas czytania\" \/>\n\t<meta name=\"twitter:data1\" content=\"2 minuty\" \/>\n<script type=\"application\/ld+json\" class=\"yoast-schema-graph\">{\"@context\":\"https:\/\/schema.org\",\"@graph\":[{\"@type\":\"WebPage\",\"@id\":\"https:\/\/konferencja.pwplock.edu.pl\/?page_id=110\",\"url\":\"https:\/\/konferencja.pwplock.edu.pl\/?page_id=110\",\"name\":\"X Mi\u0119dzynarodowa Konferencja Naukowa - MI\u0118DZYNARODOWA KONFERENCJA NAUKOWA\",\"isPartOf\":{\"@id\":\"https:\/\/konferencja.pwplock.edu.pl\/#website\"},\"primaryImageOfPage\":{\"@id\":\"https:\/\/konferencja.pwplock.edu.pl\/?page_id=110#primaryimage\"},\"image\":{\"@id\":\"https:\/\/konferencja.pwplock.edu.pl\/?page_id=110#primaryimage\"},\"thumbnailUrl\":\"https:\/\/www.pw.plock.pl\/var\/wwwglowna\/storage\/images\/media\/images\/konferencja-kneis-2022-2\/72185-1-pol-PL\/Konferencja-KNEiS-2022-2.png\",\"datePublished\":\"2025-02-21T07:37:51+00:00\",\"dateModified\":\"2025-10-31T07:31:45+00:00\",\"breadcrumb\":{\"@id\":\"https:\/\/konferencja.pwplock.edu.pl\/?page_id=110#breadcrumb\"},\"inLanguage\":\"pl-PL\",\"potentialAction\":[{\"@type\":\"ReadAction\",\"target\":[\"https:\/\/konferencja.pwplock.edu.pl\/?page_id=110\"]}]},{\"@type\":\"ImageObject\",\"inLanguage\":\"pl-PL\",\"@id\":\"https:\/\/konferencja.pwplock.edu.pl\/?page_id=110#primaryimage\",\"url\":\"https:\/\/www.pw.plock.pl\/var\/wwwglowna\/storage\/images\/media\/images\/konferencja-kneis-2022-2\/72185-1-pol-PL\/Konferencja-KNEiS-2022-2.png\",\"contentUrl\":\"https:\/\/www.pw.plock.pl\/var\/wwwglowna\/storage\/images\/media\/images\/konferencja-kneis-2022-2\/72185-1-pol-PL\/Konferencja-KNEiS-2022-2.png\"},{\"@type\":\"BreadcrumbList\",\"@id\":\"https:\/\/konferencja.pwplock.edu.pl\/?page_id=110#breadcrumb\",\"itemListElement\":[{\"@type\":\"ListItem\",\"position\":1,\"name\":\"Strona g\u0142\u00f3wna\",\"item\":\"https:\/\/konferencja.pwplock.edu.pl\/\"},{\"@type\":\"ListItem\",\"position\":2,\"name\":\"X Mi\u0119dzynarodowa Konferencja Naukowa\"}]},{\"@type\":\"WebSite\",\"@id\":\"https:\/\/konferencja.pwplock.edu.pl\/#website\",\"url\":\"https:\/\/konferencja.pwplock.edu.pl\/\",\"name\":\"MI\u0118DZYNARODOWA KONFERENCJA NAUKOWA\",\"description\":\"KNEiS - Politechnika Warszawska Filia w P\u0142ocku\",\"publisher\":{\"@id\":\"https:\/\/konferencja.pwplock.edu.pl\/#organization\"},\"alternateName\":\"KNEiS - Politechnika Warszawska Filia w P\u0142ocku\",\"potentialAction\":[{\"@type\":\"SearchAction\",\"target\":{\"@type\":\"EntryPoint\",\"urlTemplate\":\"https:\/\/konferencja.pwplock.edu.pl\/?s={search_term_string}\"},\"query-input\":{\"@type\":\"PropertyValueSpecification\",\"valueRequired\":true,\"valueName\":\"search_term_string\"}}],\"inLanguage\":\"pl-PL\"},{\"@type\":\"Organization\",\"@id\":\"https:\/\/konferencja.pwplock.edu.pl\/#organization\",\"name\":\"Politechnika Warszawska Filia w P\u0142ocku\",\"alternateName\":\"Mi\u0119dzynarodowa Konferencja Naukowa\",\"url\":\"https:\/\/konferencja.pwplock.edu.pl\/\",\"logo\":{\"@type\":\"ImageObject\",\"inLanguage\":\"pl-PL\",\"@id\":\"https:\/\/konferencja.pwplock.edu.pl\/#\/schema\/logo\/image\/\",\"url\":\"https:\/\/konferencja.pwplock.edu.pl\/wp-content\/uploads\/2025\/02\/baner-Kneis-2025-2-1-1024x341-1.png\",\"contentUrl\":\"https:\/\/konferencja.pwplock.edu.pl\/wp-content\/uploads\/2025\/02\/baner-Kneis-2025-2-1-1024x341-1.png\",\"width\":1024,\"height\":341,\"caption\":\"Politechnika Warszawska Filia w P\u0142ocku\"},\"image\":{\"@id\":\"https:\/\/konferencja.pwplock.edu.pl\/#\/schema\/logo\/image\/\"},\"sameAs\":[\"https:\/\/www.facebook.com\/politechnika.plock\/?locale=pl_PL\",\"https:\/\/x.com\/pw_plock\",\"https:\/\/www.instagram.com\/knsonda_pwplock\/\",\"https:\/\/www.linkedin.com\/company\/ko\u0142o-naukowe-sonda\/\"]}]}<\/script>\n<!-- \/ Yoast SEO plugin. -->","yoast_head_json":{"title":"X Mi\u0119dzynarodowa Konferencja Naukowa - MI\u0118DZYNARODOWA KONFERENCJA NAUKOWA","robots":{"index":"index","follow":"follow","max-snippet":"max-snippet:-1","max-image-preview":"max-image-preview:large","max-video-preview":"max-video-preview:-1"},"canonical":"https:\/\/konferencja.pwplock.edu.pl\/?page_id=110","og_locale":"pl_PL","og_type":"article","og_title":"X Mi\u0119dzynarodowa Konferencja Naukowa - MI\u0118DZYNARODOWA KONFERENCJA NAUKOWA","og_description":"9 maja 2022 r. w Politechnice Warszawskiej Filii w P\u0142ocku odby\u0142a si\u0119 X Mi\u0119dzynarodowa Konferencja Naukowa \u201eContemporary problems of economic development \u2013 Sustainable development\u201d\u00a0zorganizowana przez Kolegium Nauk Ekonomicznych i Spo\u0142ecznych. Konferencja odby\u0142a si\u0119 w trybie hybrydowym. Otwarcia konferencji dokona\u0142y Prorektor Politechniki Warszawskiej prof. dr hab. in\u017c. Renata Walczak oraz Dyrektor KNEiS prof. dr hab. Magdalena&hellip;","og_url":"https:\/\/konferencja.pwplock.edu.pl\/?page_id=110","og_site_name":"MI\u0118DZYNARODOWA KONFERENCJA NAUKOWA","article_publisher":"https:\/\/www.facebook.com\/politechnika.plock\/?locale=pl_PL","article_modified_time":"2025-10-31T07:31:45+00:00","og_image":[{"url":"https:\/\/www.pw.plock.pl\/var\/wwwglowna\/storage\/images\/media\/images\/konferencja-kneis-2022-2\/72185-1-pol-PL\/Konferencja-KNEiS-2022-2.png","type":"","width":"","height":""}],"twitter_card":"summary_large_image","twitter_site":"@pw_plock","twitter_misc":{"Szacowany czas czytania":"2 minuty"},"schema":{"@context":"https:\/\/schema.org","@graph":[{"@type":"WebPage","@id":"https:\/\/konferencja.pwplock.edu.pl\/?page_id=110","url":"https:\/\/konferencja.pwplock.edu.pl\/?page_id=110","name":"X Mi\u0119dzynarodowa Konferencja Naukowa - MI\u0118DZYNARODOWA KONFERENCJA NAUKOWA","isPartOf":{"@id":"https:\/\/konferencja.pwplock.edu.pl\/#website"},"primaryImageOfPage":{"@id":"https:\/\/konferencja.pwplock.edu.pl\/?page_id=110#primaryimage"},"image":{"@id":"https:\/\/konferencja.pwplock.edu.pl\/?page_id=110#primaryimage"},"thumbnailUrl":"https:\/\/www.pw.plock.pl\/var\/wwwglowna\/storage\/images\/media\/images\/konferencja-kneis-2022-2\/72185-1-pol-PL\/Konferencja-KNEiS-2022-2.png","datePublished":"2025-02-21T07:37:51+00:00","dateModified":"2025-10-31T07:31:45+00:00","breadcrumb":{"@id":"https:\/\/konferencja.pwplock.edu.pl\/?page_id=110#breadcrumb"},"inLanguage":"pl-PL","potentialAction":[{"@type":"ReadAction","target":["https:\/\/konferencja.pwplock.edu.pl\/?page_id=110"]}]},{"@type":"ImageObject","inLanguage":"pl-PL","@id":"https:\/\/konferencja.pwplock.edu.pl\/?page_id=110#primaryimage","url":"https:\/\/www.pw.plock.pl\/var\/wwwglowna\/storage\/images\/media\/images\/konferencja-kneis-2022-2\/72185-1-pol-PL\/Konferencja-KNEiS-2022-2.png","contentUrl":"https:\/\/www.pw.plock.pl\/var\/wwwglowna\/storage\/images\/media\/images\/konferencja-kneis-2022-2\/72185-1-pol-PL\/Konferencja-KNEiS-2022-2.png"},{"@type":"BreadcrumbList","@id":"https:\/\/konferencja.pwplock.edu.pl\/?page_id=110#breadcrumb","itemListElement":[{"@type":"ListItem","position":1,"name":"Strona g\u0142\u00f3wna","item":"https:\/\/konferencja.pwplock.edu.pl\/"},{"@type":"ListItem","position":2,"name":"X Mi\u0119dzynarodowa Konferencja Naukowa"}]},{"@type":"WebSite","@id":"https:\/\/konferencja.pwplock.edu.pl\/#website","url":"https:\/\/konferencja.pwplock.edu.pl\/","name":"MI\u0118DZYNARODOWA KONFERENCJA NAUKOWA","description":"KNEiS - Politechnika Warszawska Filia w P\u0142ocku","publisher":{"@id":"https:\/\/konferencja.pwplock.edu.pl\/#organization"},"alternateName":"KNEiS - Politechnika Warszawska Filia w P\u0142ocku","potentialAction":[{"@type":"SearchAction","target":{"@type":"EntryPoint","urlTemplate":"https:\/\/konferencja.pwplock.edu.pl\/?s={search_term_string}"},"query-input":{"@type":"PropertyValueSpecification","valueRequired":true,"valueName":"search_term_string"}}],"inLanguage":"pl-PL"},{"@type":"Organization","@id":"https:\/\/konferencja.pwplock.edu.pl\/#organization","name":"Politechnika Warszawska Filia w P\u0142ocku","alternateName":"Mi\u0119dzynarodowa Konferencja Naukowa","url":"https:\/\/konferencja.pwplock.edu.pl\/","logo":{"@type":"ImageObject","inLanguage":"pl-PL","@id":"https:\/\/konferencja.pwplock.edu.pl\/#\/schema\/logo\/image\/","url":"https:\/\/konferencja.pwplock.edu.pl\/wp-content\/uploads\/2025\/02\/baner-Kneis-2025-2-1-1024x341-1.png","contentUrl":"https:\/\/konferencja.pwplock.edu.pl\/wp-content\/uploads\/2025\/02\/baner-Kneis-2025-2-1-1024x341-1.png","width":1024,"height":341,"caption":"Politechnika Warszawska Filia w P\u0142ocku"},"image":{"@id":"https:\/\/konferencja.pwplock.edu.pl\/#\/schema\/logo\/image\/"},"sameAs":["https:\/\/www.facebook.com\/politechnika.plock\/?locale=pl_PL","https:\/\/x.com\/pw_plock","https:\/\/www.instagram.com\/knsonda_pwplock\/","https:\/\/www.linkedin.com\/company\/ko\u0142o-naukowe-sonda\/"]}]}},"_links":{"self":[{"href":"https:\/\/konferencja.pwplock.edu.pl\/index.php?rest_route=\/wp\/v2\/pages\/110","targetHints":{"allow":["GET"]}}],"collection":[{"href":"https:\/\/konferencja.pwplock.edu.pl\/index.php?rest_route=\/wp\/v2\/pages"}],"about":[{"href":"https:\/\/konferencja.pwplock.edu.pl\/index.php?rest_route=\/wp\/v2\/types\/page"}],"author":[{"embeddable":true,"href":"https:\/\/konferencja.pwplock.edu.pl\/index.php?rest_route=\/wp\/v2\/users\/1"}],"replies":[{"embeddable":true,"href":"https:\/\/konferencja.pwplock.edu.pl\/index.php?rest_route=%2Fwp%2Fv2%2Fcomments&post=110"}],"version-history":[{"count":5,"href":"https:\/\/konferencja.pwplock.edu.pl\/index.php?rest_route=\/wp\/v2\/pages\/110\/revisions"}],"predecessor-version":[{"id":486,"href":"https:\/\/konferencja.pwplock.edu.pl\/index.php?rest_route=\/wp\/v2\/pages\/110\/revisions\/486"}],"wp:attachment":[{"href":"https:\/\/konferencja.pwplock.edu.pl\/index.php?rest_route=%2Fwp%2Fv2%2Fmedia&parent=110"}],"curies":[{"name":"wp","href":"https:\/\/api.w.org\/{rel}","templated":true}]}}