{"id":100,"date":"2025-02-21T07:35:00","date_gmt":"2025-02-21T07:35:00","guid":{"rendered":"https:\/\/konferencja.pwplock.edu.pl\/?page_id=100"},"modified":"2025-02-21T07:37:35","modified_gmt":"2025-02-21T07:37:35","slug":"xi-miedzynarodowa-konferencja-naukowa","status":"publish","type":"page","link":"https:\/\/konferencja.pwplock.edu.pl\/?page_id=100","title":{"rendered":"XI Mi\u0119dzynarodowa Konferencja Naukowa"},"content":{"rendered":"\t\t<div data-elementor-type=\"wp-page\" data-elementor-id=\"100\" class=\"elementor elementor-100\">\n\t\t\t\t<div class=\"elementor-element elementor-element-453dec7 e-flex e-con-boxed e-con e-parent\" data-id=\"453dec7\" data-element_type=\"container\">\n\t\t\t\t\t<div class=\"e-con-inner\">\n\t\t\t\t<div class=\"elementor-element elementor-element-c7bef1a elementor-widget elementor-widget-text-editor\" data-id=\"c7bef1a\" data-element_type=\"widget\" data-widget_type=\"text-editor.default\">\n\t\t\t\t<div class=\"elementor-widget-container\">\n\t\t\t\t\t\t\t\t\t<div class=\"attribute-long\"><p class=\" text-justify\">Konferencja \u201eWsp\u00f3\u0142czesne problemy rozwoju gospodarczego\u201d organizowana jest przez Kolegium Nauk Ekonomicznych i Spo\u0142ecznych Politechniki Warszawskiej, Filia w P\u0142ocku oraz KN SONDA od 2014 roku. W tym roku przypada jej XI. ju\u017c edycja.<\/p><p class=\" text-justify\">Konferencja jest adresowana do pracownik\u00f3w naukowych, doktorant\u00f3w i student\u00f3w\u00a0z zakresu nauk spo\u0142ecznych i zarz\u0105dzania.<\/p><p class=\" text-justify\">W tym roku konferencja stanowi cz\u0119\u015b\u0107 obchod\u00f3w jubileuszu 100-lecia nauk o zarz\u0105dzaniu w Politechnice Warszawskiej.<\/p><a id=\"eztoc76766_0_0_0_1\" name=\"eztoc76766_0_0_0_1\"><\/a><h5><b>Zakres tematyczny konferencji:<\/b><\/h5><p class=\" text-justify\">Tematem przewodnim konferencji s\u0105 zagadnienia dotycz\u0105ce zarz\u0105dzania i finans\u00f3w\u00a0w sektorze publicznym.<\/p><p class=\" text-justify\">Sektor publiczny obejmuje podmioty gospodarki narodowej grupuj\u0105ce w\u0142asno\u015b\u0107 pa\u0144stwow\u0105 (Skarbu Pa\u0144stwa i pa\u0144stwowych os\u00f3b prawnych), w\u0142asno\u015b\u0107 jednostek samorz\u0105du terytorialnego lub samorz\u0105dowych os\u00f3b prawnych oraz \u201ew\u0142asno\u015b\u0107 mieszan\u0105\u201d\u00a0z przewag\u0105 kapita\u0142u (mienia) podmiot\u00f3w sektora publicznego. Sektor publiczny odgrywa we wsp\u00f3\u0142czesnych gospodarkach bardzo du\u017c\u0105 (i ci\u0105gle rosn\u0105c\u0105) rol\u0119. \u015awiadczy o tym zar\u00f3wno jego udzia\u0142 w tworzeniu PKB (42,1% w roku 2021), jak i relacja zad\u0142u\u017cenia sektora finans\u00f3w publicznych do PKB (43,8% w roku 2021) czy udzia\u0142 d\u0142ug sektora instytucji rz\u0105dowych i samorz\u0105dowych w PKB (53,8% w roku 2021).<\/p><p class=\" text-justify\">Aktywno\u015b\u0107 sektora publicznego opiera si\u0119 przede wszystkim na zapewnieniu obywatelom pomocy spo\u0142ecznej, edukacji, dost\u0119pu do s\u0142u\u017cby zdrowia, gwarantowaniu bezpiecze\u0144stwa narodowego i planowaniu zagospodarowania przestrzeni. Oferuje zatem us\u0142ugi, z kt\u00f3rych bezpo\u015brednio b\u0105d\u017a po\u015brednio korzystaj\u0105 wszyscy obywatele. Poziom dochod\u00f3w bud\u017cetowych determinuje wi\u0119c poziom i zakres us\u0142ug publicznych (wydatk\u00f3w). Jednak r\u00f3wnocze\u015bnie zad\u0142u\u017cenie sektora publicznego wp\u0142ywa na mo\u017cliwo\u015bci finansowania d\u00f3br publicznych.<\/p><p class=\" text-justify\">Ze wzgl\u0119du na znacz\u0105c\u0105 rol\u0119 sektora publicznego we wsp\u00f3\u0142czesnych gospodarkach, problemy te od wielu lat znajduj\u0105 si\u0119 w centrum debaty spo\u0142eczno-politycznej wielu kraj\u00f3w. Zar\u00f3wno kryzys roku 2008, jak i obecna sytuacja spo\u0142eczno-gospodarcza, stanowi\u0105ca konsekwencj\u0119 pandemii Covid-19 i wojny w Ukrainie przyczyni\u0142y si\u0119 do wielu istotnych problem\u00f3w ze zr\u00f3wnowa\u017ceniem finans\u00f3w publicznych i zahamowaniem dynamicznego wzrostu zad\u0142u\u017cenia publicznego. Z tego powodu sektor publiczny, a w szczeg\u00f3lno\u015bci samorz\u0105dowy, musi si\u0119 dostosowa\u0107 do ci\u0105g\u0142ych (cz\u0119sto nieoczekiwanych) zmian zachodz\u0105cych nie tylko w obszarze dostarczania spo\u0142ecze\u0144stwu d\u00f3br i us\u0142ug, ale te\u017c\u00a0w obszarze zarz\u0105dczym i finansowym.<\/p><p class=\" text-justify\">Celem konferencji jest podj\u0119cie dyskusji w \u015brodowisku naukowc\u00f3w na temat po\u017c\u0105danych kierunk\u00f3w zarz\u0105dzania finansami publicznymi, w tym samorz\u0105dowymi, determinant kszta\u0142tuj\u0105cych rozw\u00f3j nowych instrument\u00f3w finansowych, zw\u0142aszcza umo\u017cliwiaj\u0105cych zaci\u0105ganie d\u0142ugu publicznego oraz wskazania kierunk\u00f3w kszta\u0142towania d\u0142ugu z punktu widzenia bezpiecze\u0144stwa pa\u0144stwa i utrzymania r\u00f3wnowagi finansowej sektora publicznego.<\/p><p class=\" text-justify\">\u00a0<\/p><p class=\" text-justify\">W ramach tego obszaru proponujemy bloki tematyczne obejmuj\u0105ce swym zakresem zar\u00f3wno sektor rz\u0105dowy, samorz\u0105dowy, jak i poszczeg\u00f3lne jednostki sektora publicznego:<\/p><p>1) rola sektora publicznego we wsp\u00f3\u0142czesnej gospodarce,<\/p><p>2) zarz\u0105dzanie i finanse sektora publicznego na poziomie centralnym (m.in. dochody\u00a0i wydatki bud\u017cetowe, deficyt bud\u017cetowy i d\u0142ug publiczny, inwestycje centralne),<\/p><p>3) zarz\u0105dzanie i finanse sektora publicznego na poziomie lokalnym (m.in. finanse samorz\u0105du terytorialnego, dzia\u0142alno\u015b\u0107 inwestycyjna JST, potrzeby lokalnych wsp\u00f3lnot, bud\u017cet obywatelski),<\/p><p>4) zarz\u0105dzanie i finanse w poszczeg\u00f3lnych obszarach i jednostkach sektora publicznego (m.in. ochrona zdrowia, edukacja, bezpiecze\u0144stwo wewn\u0119trzne i zewn\u0119trzne, rynek pracy),<\/p><p>5) rachunkowo\u015b\u0107 jednostek sektora publicznego.<\/p><p><b>\u00a0<\/b><\/p><a id=\"eztoc76766_0_0_0_2\" name=\"eztoc76766_0_0_0_2\"><\/a><h5><b>Kalendarium Konferencji:<\/b><\/h5><p>Zg\u0142oszenie uczestnictwa \u2013 do 19.05.2023.<\/p><p>Przes\u0142anie artyku\u0142u do Monografii pokonferencyjnej \u2013 2.06.2023.<\/p><a id=\"eztoc76766_0_0_0_3\" name=\"eztoc76766_0_0_0_3\"><\/a><h5><b>J\u0119zyki konferencji:<\/b><\/h5><p class=\" text-justify\">Prezentacje konferencyjne oraz artyku\u0142y naukowe nale\u017cy przygotowa\u0107 w j\u0119zyku polskim, angielskim lub rosyjskim.<\/p><a id=\"eztoc76766_0_0_0_4\" name=\"eztoc76766_0_0_0_4\"><\/a><h5><b>Publikacje:<\/b><\/h5><p class=\" text-justify\">Opracowania, po pozytywnej recenzji i przygotowane zgodnie z wytycznymi edytorskimi zostan\u0105 opublikowane w:<\/p><ol><li>Monografii pokonferencyjnej (20 pkt. MNiSW).<\/li><li>Czasopi\u015bmie naukowym \u201eFoundations of Management\u201d (40 pkt. MNiSW)<\/li><\/ol><p class=\" text-justify\">Warunkiem opublikowania opracowania naukowego jest prezentacja referatu w trakcie Konferencji.<\/p><p class=\" text-justify\">Publikacj\u0119 nale\u017cy przygotowa\u0107 zgodnie z zasadami okre\u015blonymi w \u201eWymogach edytorskich publikacji pokonferencyjnej\u201d oraz \u201eInformation for Authors\u201d czasopisma. Publikacje opracowane niezgodnie z wytycznymi nie b\u0119d\u0105 publikowane.<\/p><a id=\"eztoc76766_0_0_0_5\" name=\"eztoc76766_0_0_0_5\"><\/a><h5><b>Op\u0142ata konferencyjna:<\/b><\/h5><p class=\" text-justify\">Uczestnictwo w konferencji jest bezp\u0142atne.<\/p><p class=\" text-justify\">Koszt publikacji pokonferencyjnej w czasopi\u015bmie &#8222;Foundations of Management&#8221; \u2013 1968 z\u0142 (p\u0142atne po zaakceptowaniu artyku\u0142u).<\/p><p><b>Rada Programowa:<\/b><\/p><ul><li>dr hab. Magdalena Kludacz-Alessandri, prof. uczelni, Politechnika Warszawska \u2013 Przewodnicz\u0105ca<\/li><li>dr hab. in\u017c. Marlena Piekut, prof. uczelni, Politechnika\u00a0 Warszawska \u2013 Wiceprzewodnicz\u0105ca<\/li><li>dr hab. in\u017c. Renata Walczak, prof. uczelni<\/li><li>dr hab. in\u017c. Jaros\u0142aw Doma\u0144ski, Politechnika Warszawska<\/li><li>prof. dr hab. in\u017c. Agnieszka Bitkowska, Politechnika Warszawska<\/li><li>dr hab. in\u017c. Liliana Hawrysz, prof. uczelni, Politechnika Wroc\u0142awska<\/li><li>dr hab. Marta Nowak, prof. uczelni, Uniwersytet Ekonomiczny we Wroc\u0142awiu<\/li><li>dr hab. Jolanta Pacian, Uniwersytet Medyczny w Lublinie<\/li><li>prof. Akanni, Kassim Adekunle, Olabisi Onabanjo University, Nigeria<\/li><li>prof. Hacer \u00d6zgen Narci, Istinye University, Turcja<\/li><li>dr hab. Natalia Antonyuk, prof. KEDGE Business School\u00a0Marseille, Francja<\/li><li>prof. dr hab. Eugeniusz Kwiatkowski, Politechnika Warszawska<\/li><li>dr hab. Leszek Kucharski, prof. uczelni, Uniwersytet \u0141\u00f3dzki<\/li><li>dr hab. Magdalena Majchrzak, prof. uczelni, Politechnika Warszawska<\/li><li>dr hab. Piotr Szczypa, prof. uczelni, Politechnika Warszawska<\/li><\/ul><p><b>Komitet Organizacyjny Konferencji:<\/b><\/p><ul><li>dr Anna St\u0119pniak-Kucharska \u2013 Przewodnicz\u0105ca<\/li><li>dr Magdalena Kapela \u2013 Sekretarz<\/li><li>Zuzanna Ko\u017ali\u0144ska\u2013 cz\u0142onek KN SONDA<\/li><\/ul><p><b>Kontakt:<\/b><\/p><ul><li>Kolegium Nauk Ekonomicznych i Spo\u0142ecznych\u00a0Politechnika Warszawska Filia w P\u0142ocku<\/li><li>ul. \u0141ukasiewicza 17, 09-400 P\u0142ock<\/li><li>e-mail: konferencje.knes@pw.edu.pl<\/li><\/ul><p><b>Materia\u0142y do pobrania<\/b><\/p><ul><li><b><a href=\"https:\/\/www.pw.plock.pl\/Media\/Files\/Zaproszenie-2023\" target=\"_self\">Zaproszenie XI Mi\u0119dzynarodowa Konferencja Naukowa<\/a><\/b><\/li><li><b><a href=\"https:\/\/www.pw.plock.pl\/Media\/Files\/Invitation-XI-International-Scientific-Conference\" target=\"_self\">Invitation XI International Scientific Conference<\/a><\/b><\/li><li><b><a href=\"https:\/\/forms.office.com\/Pages\/ResponsePage.aspx?id=nCJQO3jNiEWbz5e3Yp4vD8rIStYe0RZBrQA1jiCHgYBUM1A4REtESTlUNFpEVTVRU1E5UktOUVpYSS4u\" target=\"_blank\" rel=\"noopener\">Zg\u0142oszenie<\/a><\/b><\/li><li><b><a href=\"https:\/\/forms.office.com\/Pages\/ResponsePage.aspx?id=nCJQO3jNiEWbz5e3Yp4vD8rIStYe0RZBrQA1jiCHgYBUOUpGQlFBSkY2OFpGNkxaWU8xNFFYVjVZMS4u\" target=\"_self\">Application form<\/a><\/b><\/li><li><b><a href=\"https:\/\/www.pw.plock.pl\/Media\/Files\/Wymogi-edytorskie-2023\" target=\"_self\">Wymogi edytorskie<\/a><\/b><\/li><li><b><a href=\"https:\/\/www.pw.plock.pl\/Media\/Files\/Edutorial-guidelines-2023\" target=\"_self\">Edutorial guidelines<\/a><\/b><\/li><li><b><a href=\"https:\/\/www.pw.plock.pl\/Media\/Files\/Szablon-artykulu-2023\" target=\"_self\">Szablon artyku\u0142u<\/a><\/b><\/li><li><b><a href=\"https:\/\/www.pw.plock.pl\/Media\/Files\/Article-form-2023\" target=\"_self\">Article form<\/a><\/b><\/li><\/ul><\/div>\t\t\t\t\t\t\t\t<\/div>\n\t\t\t\t<\/div>\n\t\t\t\t\t<\/div>\n\t\t\t\t<\/div>\n\t\t\t\t<\/div>\n\t\t","protected":false},"excerpt":{"rendered":"<p>Konferencja \u201eWsp\u00f3\u0142czesne problemy rozwoju gospodarczego\u201d organizowana jest przez Kolegium Nauk Ekonomicznych i Spo\u0142ecznych Politechniki Warszawskiej, Filia w P\u0142ocku oraz KN SONDA od 2014 roku. W tym roku przypada jej XI. ju\u017c edycja. Konferencja jest adresowana do pracownik\u00f3w naukowych, doktorant\u00f3w i student\u00f3w\u00a0z zakresu nauk spo\u0142ecznych i zarz\u0105dzania. W tym roku konferencja stanowi cz\u0119\u015b\u0107 obchod\u00f3w jubileuszu 100-lecia&hellip;<\/p>\n","protected":false},"author":1,"featured_media":106,"parent":0,"menu_order":0,"comment_status":"closed","ping_status":"closed","template":"","meta":{"footnotes":""},"class_list":["post-100","page","type-page","status-publish","has-post-thumbnail","hentry"],"yoast_head":"<!-- This site is optimized with the Yoast SEO plugin v25.0 - https:\/\/yoast.com\/wordpress\/plugins\/seo\/ -->\n<title>XI Mi\u0119dzynarodowa Konferencja Naukowa - MI\u0118DZYNARODOWA KONFERENCJA NAUKOWA<\/title>\n<meta name=\"robots\" content=\"index, follow, max-snippet:-1, max-image-preview:large, max-video-preview:-1\" \/>\n<link rel=\"canonical\" href=\"https:\/\/konferencja.pwplock.edu.pl\/?page_id=100\" \/>\n<meta property=\"og:locale\" content=\"pl_PL\" \/>\n<meta property=\"og:type\" content=\"article\" \/>\n<meta property=\"og:title\" content=\"XI Mi\u0119dzynarodowa Konferencja Naukowa - MI\u0118DZYNARODOWA KONFERENCJA NAUKOWA\" \/>\n<meta property=\"og:description\" content=\"Konferencja \u201eWsp\u00f3\u0142czesne problemy rozwoju gospodarczego\u201d organizowana jest przez Kolegium Nauk Ekonomicznych i Spo\u0142ecznych Politechniki Warszawskiej, Filia w P\u0142ocku oraz KN SONDA od 2014 roku. W tym roku przypada jej XI. ju\u017c edycja. Konferencja jest adresowana do pracownik\u00f3w naukowych, doktorant\u00f3w i student\u00f3w\u00a0z zakresu nauk spo\u0142ecznych i zarz\u0105dzania. W tym roku konferencja stanowi cz\u0119\u015b\u0107 obchod\u00f3w jubileuszu 100-lecia&hellip;\" \/>\n<meta property=\"og:url\" content=\"https:\/\/konferencja.pwplock.edu.pl\/?page_id=100\" \/>\n<meta property=\"og:site_name\" content=\"MI\u0118DZYNARODOWA KONFERENCJA NAUKOWA\" \/>\n<meta property=\"article:publisher\" content=\"https:\/\/www.facebook.com\/politechnika.plock\/?locale=pl_PL\" \/>\n<meta property=\"article:modified_time\" content=\"2025-02-21T07:37:35+00:00\" \/>\n<meta property=\"og:image\" content=\"https:\/\/konferencja.pwplock.edu.pl\/wp-content\/uploads\/2025\/02\/XI-Miedzynarodowa-Konferencja-Naukowa-1024x725.jpg\" \/>\n\t<meta property=\"og:image:width\" content=\"1024\" \/>\n\t<meta property=\"og:image:height\" content=\"725\" \/>\n\t<meta property=\"og:image:type\" content=\"image\/jpeg\" \/>\n<meta name=\"twitter:card\" content=\"summary_large_image\" \/>\n<meta name=\"twitter:site\" content=\"@pw_plock\" \/>\n<meta name=\"twitter:label1\" content=\"Szacowany czas czytania\" \/>\n\t<meta name=\"twitter:data1\" content=\"4 minuty\" \/>\n<script type=\"application\/ld+json\" class=\"yoast-schema-graph\">{\"@context\":\"https:\/\/schema.org\",\"@graph\":[{\"@type\":\"WebPage\",\"@id\":\"https:\/\/konferencja.pwplock.edu.pl\/?page_id=100\",\"url\":\"https:\/\/konferencja.pwplock.edu.pl\/?page_id=100\",\"name\":\"XI Mi\u0119dzynarodowa Konferencja Naukowa - MI\u0118DZYNARODOWA KONFERENCJA NAUKOWA\",\"isPartOf\":{\"@id\":\"https:\/\/konferencja.pwplock.edu.pl\/#website\"},\"primaryImageOfPage\":{\"@id\":\"https:\/\/konferencja.pwplock.edu.pl\/?page_id=100#primaryimage\"},\"image\":{\"@id\":\"https:\/\/konferencja.pwplock.edu.pl\/?page_id=100#primaryimage\"},\"thumbnailUrl\":\"https:\/\/konferencja.pwplock.edu.pl\/wp-content\/uploads\/2025\/02\/XI-Miedzynarodowa-Konferencja-Naukowa-scaled.jpg\",\"datePublished\":\"2025-02-21T07:35:00+00:00\",\"dateModified\":\"2025-02-21T07:37:35+00:00\",\"breadcrumb\":{\"@id\":\"https:\/\/konferencja.pwplock.edu.pl\/?page_id=100#breadcrumb\"},\"inLanguage\":\"pl-PL\",\"potentialAction\":[{\"@type\":\"ReadAction\",\"target\":[\"https:\/\/konferencja.pwplock.edu.pl\/?page_id=100\"]}]},{\"@type\":\"ImageObject\",\"inLanguage\":\"pl-PL\",\"@id\":\"https:\/\/konferencja.pwplock.edu.pl\/?page_id=100#primaryimage\",\"url\":\"https:\/\/konferencja.pwplock.edu.pl\/wp-content\/uploads\/2025\/02\/XI-Miedzynarodowa-Konferencja-Naukowa-scaled.jpg\",\"contentUrl\":\"https:\/\/konferencja.pwplock.edu.pl\/wp-content\/uploads\/2025\/02\/XI-Miedzynarodowa-Konferencja-Naukowa-scaled.jpg\",\"width\":2560,\"height\":1814},{\"@type\":\"BreadcrumbList\",\"@id\":\"https:\/\/konferencja.pwplock.edu.pl\/?page_id=100#breadcrumb\",\"itemListElement\":[{\"@type\":\"ListItem\",\"position\":1,\"name\":\"Strona g\u0142\u00f3wna\",\"item\":\"https:\/\/konferencja.pwplock.edu.pl\/\"},{\"@type\":\"ListItem\",\"position\":2,\"name\":\"XI Mi\u0119dzynarodowa Konferencja Naukowa\"}]},{\"@type\":\"WebSite\",\"@id\":\"https:\/\/konferencja.pwplock.edu.pl\/#website\",\"url\":\"https:\/\/konferencja.pwplock.edu.pl\/\",\"name\":\"MI\u0118DZYNARODOWA KONFERENCJA NAUKOWA\",\"description\":\"KNEiS - Politechnika Warszawska Filia w P\u0142ocku\",\"publisher\":{\"@id\":\"https:\/\/konferencja.pwplock.edu.pl\/#organization\"},\"alternateName\":\"KNEiS - Politechnika Warszawska Filia w P\u0142ocku\",\"potentialAction\":[{\"@type\":\"SearchAction\",\"target\":{\"@type\":\"EntryPoint\",\"urlTemplate\":\"https:\/\/konferencja.pwplock.edu.pl\/?s={search_term_string}\"},\"query-input\":{\"@type\":\"PropertyValueSpecification\",\"valueRequired\":true,\"valueName\":\"search_term_string\"}}],\"inLanguage\":\"pl-PL\"},{\"@type\":\"Organization\",\"@id\":\"https:\/\/konferencja.pwplock.edu.pl\/#organization\",\"name\":\"Politechnika Warszawska Filia w P\u0142ocku\",\"alternateName\":\"Mi\u0119dzynarodowa Konferencja Naukowa\",\"url\":\"https:\/\/konferencja.pwplock.edu.pl\/\",\"logo\":{\"@type\":\"ImageObject\",\"inLanguage\":\"pl-PL\",\"@id\":\"https:\/\/konferencja.pwplock.edu.pl\/#\/schema\/logo\/image\/\",\"url\":\"https:\/\/konferencja.pwplock.edu.pl\/wp-content\/uploads\/2025\/02\/baner-Kneis-2025-2-1-1024x341-1.png\",\"contentUrl\":\"https:\/\/konferencja.pwplock.edu.pl\/wp-content\/uploads\/2025\/02\/baner-Kneis-2025-2-1-1024x341-1.png\",\"width\":1024,\"height\":341,\"caption\":\"Politechnika Warszawska Filia w P\u0142ocku\"},\"image\":{\"@id\":\"https:\/\/konferencja.pwplock.edu.pl\/#\/schema\/logo\/image\/\"},\"sameAs\":[\"https:\/\/www.facebook.com\/politechnika.plock\/?locale=pl_PL\",\"https:\/\/x.com\/pw_plock\",\"https:\/\/www.instagram.com\/knsonda_pwplock\/\",\"https:\/\/www.linkedin.com\/company\/ko\u0142o-naukowe-sonda\/\"]}]}<\/script>\n<!-- \/ Yoast SEO plugin. -->","yoast_head_json":{"title":"XI Mi\u0119dzynarodowa Konferencja Naukowa - MI\u0118DZYNARODOWA KONFERENCJA NAUKOWA","robots":{"index":"index","follow":"follow","max-snippet":"max-snippet:-1","max-image-preview":"max-image-preview:large","max-video-preview":"max-video-preview:-1"},"canonical":"https:\/\/konferencja.pwplock.edu.pl\/?page_id=100","og_locale":"pl_PL","og_type":"article","og_title":"XI Mi\u0119dzynarodowa Konferencja Naukowa - MI\u0118DZYNARODOWA KONFERENCJA NAUKOWA","og_description":"Konferencja \u201eWsp\u00f3\u0142czesne problemy rozwoju gospodarczego\u201d organizowana jest przez Kolegium Nauk Ekonomicznych i Spo\u0142ecznych Politechniki Warszawskiej, Filia w P\u0142ocku oraz KN SONDA od 2014 roku. W tym roku przypada jej XI. ju\u017c edycja. Konferencja jest adresowana do pracownik\u00f3w naukowych, doktorant\u00f3w i student\u00f3w\u00a0z zakresu nauk spo\u0142ecznych i zarz\u0105dzania. W tym roku konferencja stanowi cz\u0119\u015b\u0107 obchod\u00f3w jubileuszu 100-lecia&hellip;","og_url":"https:\/\/konferencja.pwplock.edu.pl\/?page_id=100","og_site_name":"MI\u0118DZYNARODOWA KONFERENCJA NAUKOWA","article_publisher":"https:\/\/www.facebook.com\/politechnika.plock\/?locale=pl_PL","article_modified_time":"2025-02-21T07:37:35+00:00","og_image":[{"width":1024,"height":725,"url":"https:\/\/konferencja.pwplock.edu.pl\/wp-content\/uploads\/2025\/02\/XI-Miedzynarodowa-Konferencja-Naukowa-1024x725.jpg","type":"image\/jpeg"}],"twitter_card":"summary_large_image","twitter_site":"@pw_plock","twitter_misc":{"Szacowany czas czytania":"4 minuty"},"schema":{"@context":"https:\/\/schema.org","@graph":[{"@type":"WebPage","@id":"https:\/\/konferencja.pwplock.edu.pl\/?page_id=100","url":"https:\/\/konferencja.pwplock.edu.pl\/?page_id=100","name":"XI Mi\u0119dzynarodowa Konferencja Naukowa - MI\u0118DZYNARODOWA KONFERENCJA NAUKOWA","isPartOf":{"@id":"https:\/\/konferencja.pwplock.edu.pl\/#website"},"primaryImageOfPage":{"@id":"https:\/\/konferencja.pwplock.edu.pl\/?page_id=100#primaryimage"},"image":{"@id":"https:\/\/konferencja.pwplock.edu.pl\/?page_id=100#primaryimage"},"thumbnailUrl":"https:\/\/konferencja.pwplock.edu.pl\/wp-content\/uploads\/2025\/02\/XI-Miedzynarodowa-Konferencja-Naukowa-scaled.jpg","datePublished":"2025-02-21T07:35:00+00:00","dateModified":"2025-02-21T07:37:35+00:00","breadcrumb":{"@id":"https:\/\/konferencja.pwplock.edu.pl\/?page_id=100#breadcrumb"},"inLanguage":"pl-PL","potentialAction":[{"@type":"ReadAction","target":["https:\/\/konferencja.pwplock.edu.pl\/?page_id=100"]}]},{"@type":"ImageObject","inLanguage":"pl-PL","@id":"https:\/\/konferencja.pwplock.edu.pl\/?page_id=100#primaryimage","url":"https:\/\/konferencja.pwplock.edu.pl\/wp-content\/uploads\/2025\/02\/XI-Miedzynarodowa-Konferencja-Naukowa-scaled.jpg","contentUrl":"https:\/\/konferencja.pwplock.edu.pl\/wp-content\/uploads\/2025\/02\/XI-Miedzynarodowa-Konferencja-Naukowa-scaled.jpg","width":2560,"height":1814},{"@type":"BreadcrumbList","@id":"https:\/\/konferencja.pwplock.edu.pl\/?page_id=100#breadcrumb","itemListElement":[{"@type":"ListItem","position":1,"name":"Strona g\u0142\u00f3wna","item":"https:\/\/konferencja.pwplock.edu.pl\/"},{"@type":"ListItem","position":2,"name":"XI Mi\u0119dzynarodowa Konferencja Naukowa"}]},{"@type":"WebSite","@id":"https:\/\/konferencja.pwplock.edu.pl\/#website","url":"https:\/\/konferencja.pwplock.edu.pl\/","name":"MI\u0118DZYNARODOWA KONFERENCJA NAUKOWA","description":"KNEiS - Politechnika Warszawska Filia w P\u0142ocku","publisher":{"@id":"https:\/\/konferencja.pwplock.edu.pl\/#organization"},"alternateName":"KNEiS - Politechnika Warszawska Filia w P\u0142ocku","potentialAction":[{"@type":"SearchAction","target":{"@type":"EntryPoint","urlTemplate":"https:\/\/konferencja.pwplock.edu.pl\/?s={search_term_string}"},"query-input":{"@type":"PropertyValueSpecification","valueRequired":true,"valueName":"search_term_string"}}],"inLanguage":"pl-PL"},{"@type":"Organization","@id":"https:\/\/konferencja.pwplock.edu.pl\/#organization","name":"Politechnika Warszawska Filia w P\u0142ocku","alternateName":"Mi\u0119dzynarodowa Konferencja Naukowa","url":"https:\/\/konferencja.pwplock.edu.pl\/","logo":{"@type":"ImageObject","inLanguage":"pl-PL","@id":"https:\/\/konferencja.pwplock.edu.pl\/#\/schema\/logo\/image\/","url":"https:\/\/konferencja.pwplock.edu.pl\/wp-content\/uploads\/2025\/02\/baner-Kneis-2025-2-1-1024x341-1.png","contentUrl":"https:\/\/konferencja.pwplock.edu.pl\/wp-content\/uploads\/2025\/02\/baner-Kneis-2025-2-1-1024x341-1.png","width":1024,"height":341,"caption":"Politechnika Warszawska Filia w P\u0142ocku"},"image":{"@id":"https:\/\/konferencja.pwplock.edu.pl\/#\/schema\/logo\/image\/"},"sameAs":["https:\/\/www.facebook.com\/politechnika.plock\/?locale=pl_PL","https:\/\/x.com\/pw_plock","https:\/\/www.instagram.com\/knsonda_pwplock\/","https:\/\/www.linkedin.com\/company\/ko\u0142o-naukowe-sonda\/"]}]}},"_links":{"self":[{"href":"https:\/\/konferencja.pwplock.edu.pl\/index.php?rest_route=\/wp\/v2\/pages\/100","targetHints":{"allow":["GET"]}}],"collection":[{"href":"https:\/\/konferencja.pwplock.edu.pl\/index.php?rest_route=\/wp\/v2\/pages"}],"about":[{"href":"https:\/\/konferencja.pwplock.edu.pl\/index.php?rest_route=\/wp\/v2\/types\/page"}],"author":[{"embeddable":true,"href":"https:\/\/konferencja.pwplock.edu.pl\/index.php?rest_route=\/wp\/v2\/users\/1"}],"replies":[{"embeddable":true,"href":"https:\/\/konferencja.pwplock.edu.pl\/index.php?rest_route=%2Fwp%2Fv2%2Fcomments&post=100"}],"version-history":[{"count":7,"href":"https:\/\/konferencja.pwplock.edu.pl\/index.php?rest_route=\/wp\/v2\/pages\/100\/revisions"}],"predecessor-version":[{"id":109,"href":"https:\/\/konferencja.pwplock.edu.pl\/index.php?rest_route=\/wp\/v2\/pages\/100\/revisions\/109"}],"wp:featuredmedia":[{"embeddable":true,"href":"https:\/\/konferencja.pwplock.edu.pl\/index.php?rest_route=\/wp\/v2\/media\/106"}],"wp:attachment":[{"href":"https:\/\/konferencja.pwplock.edu.pl\/index.php?rest_route=%2Fwp%2Fv2%2Fmedia&parent=100"}],"curies":[{"name":"wp","href":"https:\/\/api.w.org\/{rel}","templated":true}]}}